{"id":88,"date":"2022-06-15T11:19:29","date_gmt":"2022-06-15T11:19:29","guid":{"rendered":"https:\/\/anttolanurheilijat.fi\/smyo2022\/?page_id=88"},"modified":"2022-08-02T07:16:36","modified_gmt":"2022-08-02T07:16:36","slug":"majoitus","status":"publish","type":"page","link":"https:\/\/anttolanurheilijat.fi\/smyo2022\/majoitus\/","title":{"rendered":"Majoitus"},"content":{"rendered":"\n<p class=\"has-nv-text-dark-bg-color has-text-color\">Varaa etuhintainen majoitus vain nelj\u00e4n kilometrin p\u00e4\u00e4st\u00e4 kilpailukeskuksesta! Majoituksen hintaan sis\u00e4ltyy hotelliaamiainen.<\/p>\n\n\n\n<p class=\"has-nv-text-dark-bg-color has-text-color\">Alla olevat etuhinnat ovat voimassa vain varattaessa majoitus suoraan s\u00e4hk\u00f6postitse osoitteesta <strong>sales@saimaanrantaresort.fi<\/strong>. Muista mainita varauksen yhteydess\u00e4 koodi &#8221;<strong>SM-Y\u00d6<\/strong>&#8221;.<\/p>\n\n\n\n<div style=\"height:20px\" aria-hidden=\"true\" class=\"wp-block-spacer\"><\/div>\n\n\n\n<div class=\"wp-block-columns\">\n<div class=\"wp-block-column\">\n<h3>Hotellimajoitustarjous<\/h3>\n\n\n\n<p class=\"has-nv-text-dark-bg-color has-text-color\">1 HH EUR 100 per vrk<\/p>\n\n\n\n<p class=\"has-nv-text-dark-bg-color has-text-color\">2 HH EUR 135 per vrk<\/p>\n\n\n\n<p class=\"has-nv-text-dark-bg-color has-text-color\">2HH Superior Class EUR 155 per vrk<\/p>\n\n\n\n<div class=\"wp-container-1 wp-block-buttons\">\n<div class=\"wp-block-button\"><a class=\"wp-block-button__link has-nv-site-bg-color has-neve-text-color-background-color has-text-color has-background\" href=\"https:\/\/saimaanrantaresort.fi\/hotelli\/\">HOTELLIHUONEET<\/a><\/div>\n<\/div>\n<\/div>\n\n\n\n<div class=\"wp-block-column\">\n<div style=\"height:15px\" aria-hidden=\"true\" class=\"wp-block-spacer\"><\/div>\n\n\n\n<figure class=\"wp-block-image size-full\"><img width=\"600\" height=\"400\" src=\"https:\/\/anttolanurheilijat.fi\/smyo2022\/wp-content\/uploads\/2022\/07\/Economy-huone.jpg\" alt=\"\" class=\"wp-image-449\" srcset=\"https:\/\/anttolanurheilijat.fi\/smyo2022\/wp-content\/uploads\/2022\/07\/Economy-huone.jpg 600w, https:\/\/anttolanurheilijat.fi\/smyo2022\/wp-content\/uploads\/2022\/07\/Economy-huone-300x200.jpg 300w\" sizes=\"(max-width: 600px) 100vw, 600px\" \/><\/figure>\n<\/div>\n<\/div>\n\n\n\n<div class=\"wp-block-columns\">\n<div class=\"wp-block-column\">\n<h3>Rinnehuvilatarjous (v\u00e4h.2 y\u00f6t\u00e4)<\/h3>\n\n\n\n<p class=\"has-nv-text-dark-bg-color has-text-color\">Rinnehuvila suuri EUR 459 per vrk \/ 6 hl\u00f6<\/p>\n\n\n\n<p class=\"has-nv-text-dark-bg-color has-text-color\">Rinnehuvila pieni EUR 359 per vrk \/ 4 hl\u00f6<\/p>\n\n\n\n<div class=\"wp-container-2 wp-block-buttons\">\n<div class=\"wp-block-button\"><a class=\"wp-block-button__link has-nv-site-bg-color has-neve-text-color-background-color has-text-color has-background\" href=\"https:\/\/saimaanrantaresort.fi\/rinnehuvilat\/\">RINNEHUVILAT<\/a><\/div>\n<\/div>\n<\/div>\n\n\n\n<div class=\"wp-block-column\">\n<div style=\"height:15px\" aria-hidden=\"true\" class=\"wp-block-spacer\"><\/div>\n\n\n\n<figure class=\"wp-block-image size-full\"><img width=\"800\" height=\"537\" src=\"https:\/\/anttolanurheilijat.fi\/smyo2022\/wp-content\/uploads\/2022\/07\/Rinnehuvilat-Saimaan-rannalla-1.jpg\" alt=\"\" class=\"wp-image-451\" srcset=\"https:\/\/anttolanurheilijat.fi\/smyo2022\/wp-content\/uploads\/2022\/07\/Rinnehuvilat-Saimaan-rannalla-1.jpg 800w, https:\/\/anttolanurheilijat.fi\/smyo2022\/wp-content\/uploads\/2022\/07\/Rinnehuvilat-Saimaan-rannalla-1-300x201.jpg 300w, https:\/\/anttolanurheilijat.fi\/smyo2022\/wp-content\/uploads\/2022\/07\/Rinnehuvilat-Saimaan-rannalla-1-768x516.jpg 768w\" sizes=\"(max-width: 800px) 100vw, 800px\" \/><\/figure>\n<\/div>\n<\/div>\n\n\n\n<div class=\"wp-block-columns\">\n<div class=\"wp-block-column\">\n<h3>Rantahuvilatarjous (v\u00e4h.2 y\u00f6t\u00e4)<\/h3>\n\n\n\n<p class=\"has-nv-text-dark-bg-color has-text-color\">Rantahuvila EUR 650 per vrk \/ 6 hl\u00f6<\/p>\n\n\n\n<div class=\"wp-container-3 wp-block-buttons\">\n<div class=\"wp-block-button\"><a class=\"wp-block-button__link has-nv-site-bg-color has-neve-text-color-background-color has-text-color has-background\" href=\"https:\/\/saimaanrantaresort.fi\/rantahuvilat\/\">RANTAHUVILAT<\/a><\/div>\n<\/div>\n<\/div>\n\n\n\n<div class=\"wp-block-column\">\n<div style=\"height:15px\" aria-hidden=\"true\" class=\"wp-block-spacer\"><\/div>\n\n\n\n<figure class=\"wp-block-image size-full\"><img width=\"600\" height=\"400\" src=\"https:\/\/anttolanurheilijat.fi\/smyo2022\/wp-content\/uploads\/2022\/07\/Saimaanranta-Resort-rantahuvilat.jpg\" alt=\"\" class=\"wp-image-450\" srcset=\"https:\/\/anttolanurheilijat.fi\/smyo2022\/wp-content\/uploads\/2022\/07\/Saimaanranta-Resort-rantahuvilat.jpg 600w, https:\/\/anttolanurheilijat.fi\/smyo2022\/wp-content\/uploads\/2022\/07\/Saimaanranta-Resort-rantahuvilat-300x200.jpg 300w\" sizes=\"(max-width: 600px) 100vw, 600px\" \/><\/figure>\n<\/div>\n<\/div>\n","protected":false},"excerpt":{"rendered":"<p>Varaa etuhintainen majoitus vain nelj\u00e4n kilometrin p\u00e4\u00e4st\u00e4 kilpailukeskuksesta! Majoituksen hintaan sis\u00e4ltyy hotelliaamiainen. Alla olevat etuhinnat ovat voimassa vain varattaessa majoitus suoraan s\u00e4hk\u00f6postitse osoitteesta sales@saimaanrantaresort.fi. Muista mainita varauksen yhteydess\u00e4 koodi &#8221;SM-Y\u00d6&#8221;. Hotellimajoitustarjous 1 HH EUR 100 per vrk 2 HH EUR 135 per vrk 2HH Superior Class EUR 155 per vrk Rinnehuvilatarjous (v\u00e4h.2 y\u00f6t\u00e4) Rinnehuvila suuri&hellip;&nbsp;<a href=\"https:\/\/anttolanurheilijat.fi\/smyo2022\/majoitus\/\" class=\"\" rel=\"bookmark\">Lue lis\u00e4\u00e4 &raquo;<span class=\"screen-reader-text\">Majoitus<\/span><\/a><\/p>\n","protected":false},"author":1,"featured_media":0,"parent":0,"menu_order":0,"comment_status":"closed","ping_status":"closed","template":"","meta":{"neve_meta_sidebar":"","neve_meta_container":"","neve_meta_enable_content_width":"","neve_meta_content_width":0,"neve_meta_title_alignment":"","neve_meta_author_avatar":"","neve_post_elements_order":"","neve_meta_disable_header":"","neve_meta_disable_footer":"","neve_meta_disable_title":""},"_links":{"self":[{"href":"https:\/\/anttolanurheilijat.fi\/smyo2022\/wp-json\/wp\/v2\/pages\/88"}],"collection":[{"href":"https:\/\/anttolanurheilijat.fi\/smyo2022\/wp-json\/wp\/v2\/pages"}],"about":[{"href":"https:\/\/anttolanurheilijat.fi\/smyo2022\/wp-json\/wp\/v2\/types\/page"}],"author":[{"embeddable":true,"href":"https:\/\/anttolanurheilijat.fi\/smyo2022\/wp-json\/wp\/v2\/users\/1"}],"replies":[{"embeddable":true,"href":"https:\/\/anttolanurheilijat.fi\/smyo2022\/wp-json\/wp\/v2\/comments?post=88"}],"version-history":[{"count":13,"href":"https:\/\/anttolanurheilijat.fi\/smyo2022\/wp-json\/wp\/v2\/pages\/88\/revisions"}],"predecessor-version":[{"id":509,"href":"https:\/\/anttolanurheilijat.fi\/smyo2022\/wp-json\/wp\/v2\/pages\/88\/revisions\/509"}],"wp:attachment":[{"href":"https:\/\/anttolanurheilijat.fi\/smyo2022\/wp-json\/wp\/v2\/media?parent=88"}],"curies":[{"name":"wp","href":"https:\/\/api.w.org\/{rel}","templated":true}]}}