{"id":84,"date":"2022-06-15T11:18:48","date_gmt":"2022-06-15T11:18:48","guid":{"rendered":"https:\/\/anttolanurheilijat.fi\/smyo2022\/?page_id=84"},"modified":"2022-09-23T11:33:34","modified_gmt":"2022-09-23T11:33:34","slug":"live","status":"publish","type":"page","link":"https:\/\/anttolanurheilijat.fi\/smyo2022\/live\/","title":{"rendered":"Live"},"content":{"rendered":"\n<div class=\"wp-container-1 wp-block-buttons\">\n<div class=\"wp-block-button\"><a class=\"wp-block-button__link has-nv-site-bg-color has-neve-link-hover-color-background-color has-text-color has-background\" href=\"https:\/\/resultfellows.com\/2022_anttola\/\">Online-tulokset<\/a><\/div>\n<\/div>\n\n\n\n<div style=\"height:25px\" aria-hidden=\"true\" class=\"wp-block-spacer\"><\/div>\n\n\n\n<div class=\"wp-container-2 wp-block-buttons\">\n<div class=\"wp-block-button\"><a class=\"wp-block-button__link has-nv-site-bg-color has-neve-link-hover-color-background-color has-text-color has-background\" href=\"https:\/\/www.tulospalvelu.fi\/gps\/\">GPS-seuranta<\/a><\/div>\n<\/div>\n\n\n\n<div style=\"height:25px\" aria-hidden=\"true\" class=\"wp-block-spacer\"><\/div>\n\n\n\n<p>Kilpailun finaalia voi seurata kahden livel\u00e4hetyksen v\u00e4lityksell\u00e4:<\/p>\n\n\n\n<p>Live-l\u00e4hetys 1: Maali, kaikki sarjat, kilpailukuulutus<\/p>\n\n\n\n<div class=\"wp-container-3 wp-block-buttons\">\n<div class=\"wp-block-button\"><a class=\"wp-block-button__link has-nv-site-bg-color has-neve-link-hover-color-background-color has-text-color has-background\" href=\"https:\/\/www.youtube.com\/watch?v=ulNcyAsxOOo\">Live-l\u00e4hetys 1<\/a><\/div>\n<\/div>\n\n\n\n<div style=\"height:25px\" aria-hidden=\"true\" class=\"wp-block-spacer\"><\/div>\n\n\n\n<p>Live-l\u00e4hetys 2: H\/D 21 sarjojen selostettu seuranta + online-kuva + GPS<\/p>\n\n\n\n<div class=\"wp-container-4 wp-block-buttons\">\n<div class=\"wp-block-button\"><a class=\"wp-block-button__link has-nv-site-bg-color has-neve-link-hover-color-background-color has-text-color has-background\" href=\"https:\/\/www.youtube.com\/watch?v=L89yBKoXjww\">Live-l\u00e4hetys 2<\/a><\/div>\n<\/div>\n\n\n\n<div style=\"height:25px\" aria-hidden=\"true\" class=\"wp-block-spacer\"><\/div>\n\n\n\n<p>My\u00f6s miesten karsinnan maalista tulee kuvaa:<\/p>\n\n\n\n<div class=\"wp-container-5 wp-block-buttons\">\n<div class=\"wp-block-button\"><a class=\"wp-block-button__link has-nv-site-bg-color has-neve-link-hover-color-background-color has-text-color has-background\" href=\"https:\/\/www.youtube.com\/watch?v=C4TEbneTScA\">Live-l\u00e4hetys karsinta<\/a><\/div>\n<\/div>\n\n\n\n<div class=\"wp-block-columns\">\n<div class=\"wp-block-column\">\n<figure class=\"wp-block-image size-full is-resized is-style-default\"><a href=\"https:\/\/anttolanurheilijat.fi\/\"><img src=\"https:\/\/anttolanurheilijat.fi\/smyo2022\/wp-content\/uploads\/2022\/07\/anttu_512x250px_lapinakyva.png\" alt=\"\" class=\"wp-image-262\" width=\"323\" height=\"157\" srcset=\"https:\/\/anttolanurheilijat.fi\/smyo2022\/wp-content\/uploads\/2022\/07\/anttu_512x250px_lapinakyva.png 512w, https:\/\/anttolanurheilijat.fi\/smyo2022\/wp-content\/uploads\/2022\/07\/anttu_512x250px_lapinakyva-300x146.png 300w\" sizes=\"(max-width: 323px) 100vw, 323px\" \/><\/a><\/figure>\n<\/div>\n\n\n\n<div class=\"wp-block-column\">\n<div class=\"wp-block-image is-style-default\"><figure class=\"aligncenter size-large is-resized\"><a href=\"https:\/\/www.lumonite.com\/\"><img src=\"https:\/\/anttolanurheilijat.fi\/smyo2022\/wp-content\/uploads\/2022\/09\/lumonite_lapinakyva-1024x205.png\" alt=\"\" class=\"wp-image-526\" width=\"433\" height=\"86\" srcset=\"https:\/\/anttolanurheilijat.fi\/smyo2022\/wp-content\/uploads\/2022\/09\/lumonite_lapinakyva-1024x205.png 1024w, https:\/\/anttolanurheilijat.fi\/smyo2022\/wp-content\/uploads\/2022\/09\/lumonite_lapinakyva-300x60.png 300w, https:\/\/anttolanurheilijat.fi\/smyo2022\/wp-content\/uploads\/2022\/09\/lumonite_lapinakyva-768x154.png 768w, https:\/\/anttolanurheilijat.fi\/smyo2022\/wp-content\/uploads\/2022\/09\/lumonite_lapinakyva-1536x307.png 1536w, https:\/\/anttolanurheilijat.fi\/smyo2022\/wp-content\/uploads\/2022\/09\/lumonite_lapinakyva.png 2000w\" sizes=\"(max-width: 433px) 100vw, 433px\" \/><\/a><\/figure><\/div>\n<\/div>\n<\/div>\n","protected":false},"excerpt":{"rendered":"<p>Kilpailun finaalia voi seurata kahden livel\u00e4hetyksen v\u00e4lityksell\u00e4: Live-l\u00e4hetys 1: Maali, kaikki sarjat, kilpailukuulutus Live-l\u00e4hetys 2: H\/D 21 sarjojen selostettu seuranta + online-kuva + GPS My\u00f6s miesten karsinnan maalista tulee kuvaa:<\/p>\n","protected":false},"author":1,"featured_media":0,"parent":0,"menu_order":0,"comment_status":"closed","ping_status":"closed","template":"","meta":{"neve_meta_sidebar":"","neve_meta_container":"","neve_meta_enable_content_width":"","neve_meta_content_width":0,"neve_meta_title_alignment":"","neve_meta_author_avatar":"","neve_post_elements_order":"","neve_meta_disable_header":"","neve_meta_disable_footer":"","neve_meta_disable_title":""},"_links":{"self":[{"href":"https:\/\/anttolanurheilijat.fi\/smyo2022\/wp-json\/wp\/v2\/pages\/84"}],"collection":[{"href":"https:\/\/anttolanurheilijat.fi\/smyo2022\/wp-json\/wp\/v2\/pages"}],"about":[{"href":"https:\/\/anttolanurheilijat.fi\/smyo2022\/wp-json\/wp\/v2\/types\/page"}],"author":[{"embeddable":true,"href":"https:\/\/anttolanurheilijat.fi\/smyo2022\/wp-json\/wp\/v2\/users\/1"}],"replies":[{"embeddable":true,"href":"https:\/\/anttolanurheilijat.fi\/smyo2022\/wp-json\/wp\/v2\/comments?post=84"}],"version-history":[{"count":12,"href":"https:\/\/anttolanurheilijat.fi\/smyo2022\/wp-json\/wp\/v2\/pages\/84\/revisions"}],"predecessor-version":[{"id":693,"href":"https:\/\/anttolanurheilijat.fi\/smyo2022\/wp-json\/wp\/v2\/pages\/84\/revisions\/693"}],"wp:attachment":[{"href":"https:\/\/anttolanurheilijat.fi\/smyo2022\/wp-json\/wp\/v2\/media?parent=84"}],"curies":[{"name":"wp","href":"https:\/\/api.w.org\/{rel}","templated":true}]}}