{"id":80,"date":"2022-06-15T11:18:22","date_gmt":"2022-06-15T11:18:22","guid":{"rendered":"https:\/\/anttolanurheilijat.fi\/smyo2022\/?page_id=80"},"modified":"2022-09-22T12:26:11","modified_gmt":"2022-09-22T12:26:11","slug":"sarjat-ja-matkat","status":"publish","type":"page","link":"https:\/\/anttolanurheilijat.fi\/smyo2022\/sarjat-ja-matkat\/","title":{"rendered":"Sarjat ja matkat"},"content":{"rendered":"\n<figure class=\"wp-block-table\"><table><tbody><tr><td><strong>Karsinta 23.9.<\/strong><\/td><td><\/td><td><\/td><td><\/td><td><\/td><\/tr><tr><td>Sarja<\/td><td>Radan pituus<\/td><td>Kartan mittakaava<\/td><td>L\u00e4ht\u00f6<\/td><td>Rastien lkm<\/td><\/tr><tr><td>H21K1<\/td><td>6,2 km<\/td><td>1:10 000<\/td><td>K<\/td><td>10<\/td><\/tr><tr><td>H21K2<\/td><td>6,1 km<\/td><td>1:10 000<\/td><td>K<\/td><td>10<\/td><\/tr><tr><td>H21K3<\/td><td>6,3 km<\/td><td>1:10 000<\/td><td>K<\/td><td>10<\/td><\/tr><tr><td><\/td><td><\/td><td><\/td><td><\/td><td><\/td><\/tr><tr><td><strong>Finaali 24.9.<\/strong><\/td><td><\/td><td><\/td><td><\/td><td><\/td><\/tr><tr><td>Sarja<\/td><td>Radan pituus<\/td><td>Kartan mittakaava<\/td><td>L\u00e4ht\u00f6<\/td><td>Rastien lkm<\/td><\/tr><tr><td>H21<\/td><td>10,9 km<\/td><td>1:10 000<\/td><td>1<\/td><td>24<\/td><\/tr><tr><td>D21<\/td><td>6,8 km<\/td><td>1:10 000<\/td><td>1<\/td><td>14<\/td><\/tr><tr><td><\/td><td><\/td><td><\/td><td><\/td><td><\/td><\/tr><tr><td>H20<\/td><td>7,6 km<\/td><td>1:10 000<\/td><td>1<\/td><td>16<\/td><\/tr><tr><td>H18<\/td><td>6,3 km<\/td><td>1:10 000<\/td><td>1<\/td><td>14<\/td><\/tr><tr><td>H16<\/td><td>4,6 km<\/td><td>1:10 000<\/td><td>1<\/td><td>12<\/td><\/tr><tr><td>H15<\/td><td>3,8 km<\/td><td>1:10 000<\/td><td>1<\/td><td>9<\/td><\/tr><tr><td>D20<\/td><td>5,3 km<\/td><td>1:10 000<\/td><td>1<\/td><td>12<\/td><\/tr><tr><td>D18<\/td><td>5,1 km<\/td><td>1:10 000<\/td><td>1<\/td><td>12<\/td><\/tr><tr><td>D16<\/td><td>3,8 km<\/td><td>1:10 000<\/td><td>1<\/td><td>9<\/td><\/tr><tr><td>D15<\/td><td>3,4 km<\/td><td>1:10 000<\/td><td>1<\/td><td>10<\/td><\/tr><tr><td><\/td><td><\/td><td><\/td><td><\/td><td><\/td><\/tr><tr><td>H35<\/td><td>7,5 km<\/td><td>1:10 000<\/td><td>1<\/td><td>15<\/td><\/tr><tr><td>H40<\/td><td>7,5 km<\/td><td>1:10 000<\/td><td>1<\/td><td>15<\/td><\/tr><tr><td>H45<\/td><td>6,7 km<\/td><td>1:10 000<\/td><td>1<\/td><td>15<\/td><\/tr><tr><td>H50<\/td><td>6,1 km<\/td><td>1:7 500<\/td><td>1<\/td><td>15<\/td><\/tr><tr><td>H55<\/td><td>6,0 km<\/td><td>1:7 500<\/td><td>1<\/td><td>13<\/td><\/tr><tr><td>H60<\/td><td>5,2 km<\/td><td>1:7 500<\/td><td>1<\/td><td>11<\/td><\/tr><tr><td>H65<\/td><td>4,3 km<\/td><td>1:7 500<\/td><td>1<\/td><td>10<\/td><\/tr><tr><td>H70<\/td><td>3,1 km<\/td><td>1:7 500<\/td><td>2<\/td><td>7<\/td><\/tr><tr><td>H75<\/td><td>2,6 km<\/td><td>1:7 500<\/td><td>2<\/td><td>7<\/td><\/tr><tr><td>H80<\/td><td>2,4 km<\/td><td>1:7 500<\/td><td>2<\/td><td>6<\/td><\/tr><tr><td>H85<\/td><td>1,8 km<\/td><td>1:7 500<\/td><td>2<\/td><td>5<\/td><\/tr><tr><td>D35<\/td><td>5,3 km<\/td><td>1:10 000<\/td><td>1<\/td><td>12<\/td><\/tr><tr><td>D40<\/td><td>4,2 km<\/td><td>1:10 000<\/td><td>1<\/td><td>10<\/td><\/tr><tr><td>D45<\/td><td>3,8 km<\/td><td>1:10 000<\/td><td>1<\/td><td>10<\/td><\/tr><tr><td>D50<\/td><td>3,6 km<\/td><td>1:7 500<\/td><td>2<\/td><td>8<\/td><\/tr><tr><td>D55<\/td><td>3,6 km<\/td><td>1:7 500<\/td><td>2<\/td><td>8<\/td><\/tr><tr><td>D60<\/td><td>3,0 km<\/td><td>1:7 500<\/td><td>2<\/td><td>6<\/td><\/tr><tr><td>D65<\/td><td>2,4 km<\/td><td>1:7 500<\/td><td>2<\/td><td>6<\/td><\/tr><tr><td>D70<\/td><td>2,4 km<\/td><td>1:7 500<\/td><td>2<\/td><td>6<\/td><\/tr><tr><td>D75<\/td><td>1,8 km<\/td><td>1:7 500<\/td><td>2<\/td><td>5<\/td><\/tr><tr><td>D80<\/td><td>1,8 km<\/td><td>1:7 500<\/td><td>2<\/td><td>5<\/td><\/tr><tr><td>D85<\/td><td>1,8 km<\/td><td>1:7 500<\/td><td>2<\/td><td>5<\/td><\/tr><tr><td>H21B<\/td><td>7,8 km<\/td><td>1: 10 000<\/td><td>1<\/td><td>17<\/td><\/tr><\/tbody><\/table><figcaption>Rastien lukum\u00e4\u00e4r\u00e4n n\u00e4et mobiilissa swaippaamalla vasemmalle.<\/figcaption><\/figure>\n\n\n\n<p><\/p>\n","protected":false},"excerpt":{"rendered":"","protected":false},"author":1,"featured_media":0,"parent":0,"menu_order":0,"comment_status":"closed","ping_status":"closed","template":"","meta":{"neve_meta_sidebar":"","neve_meta_container":"","neve_meta_enable_content_width":"","neve_meta_content_width":0,"neve_meta_title_alignment":"","neve_meta_author_avatar":"","neve_post_elements_order":"","neve_meta_disable_header":"","neve_meta_disable_footer":"","neve_meta_disable_title":""},"_links":{"self":[{"href":"https:\/\/anttolanurheilijat.fi\/smyo2022\/wp-json\/wp\/v2\/pages\/80"}],"collection":[{"href":"https:\/\/anttolanurheilijat.fi\/smyo2022\/wp-json\/wp\/v2\/pages"}],"about":[{"href":"https:\/\/anttolanurheilijat.fi\/smyo2022\/wp-json\/wp\/v2\/types\/page"}],"author":[{"embeddable":true,"href":"https:\/\/anttolanurheilijat.fi\/smyo2022\/wp-json\/wp\/v2\/users\/1"}],"replies":[{"embeddable":true,"href":"https:\/\/anttolanurheilijat.fi\/smyo2022\/wp-json\/wp\/v2\/comments?post=80"}],"version-history":[{"count":9,"href":"https:\/\/anttolanurheilijat.fi\/smyo2022\/wp-json\/wp\/v2\/pages\/80\/revisions"}],"predecessor-version":[{"id":673,"href":"https:\/\/anttolanurheilijat.fi\/smyo2022\/wp-json\/wp\/v2\/pages\/80\/revisions\/673"}],"wp:attachment":[{"href":"https:\/\/anttolanurheilijat.fi\/smyo2022\/wp-json\/wp\/v2\/media?parent=80"}],"curies":[{"name":"wp","href":"https:\/\/api.w.org\/{rel}","templated":true}]}}