{"id":74,"date":"2022-06-15T11:16:43","date_gmt":"2022-06-15T11:16:43","guid":{"rendered":"https:\/\/anttolanurheilijat.fi\/smyo2022\/?page_id=74"},"modified":"2022-08-18T10:03:35","modified_gmt":"2022-08-18T10:03:35","slug":"kilpailukutsu","status":"publish","type":"page","link":"https:\/\/anttolanurheilijat.fi\/smyo2022\/kilpailukutsu\/","title":{"rendered":"Kilpailukutsu"},"content":{"rendered":"\n<h3>Lumonite SM-y\u00f6, Anttolan Urheilijoiden 90-vuotisjuhlakilpailu<\/h3>\n\n\n\n<figure class=\"wp-block-image size-full is-resized\"><img src=\"https:\/\/anttolanurheilijat.fi\/smyo2022\/wp-content\/uploads\/2022\/07\/sm_yo_nettisivu_logo_2.png\" alt=\"\" class=\"wp-image-256\" width=\"655\" height=\"327\" srcset=\"https:\/\/anttolanurheilijat.fi\/smyo2022\/wp-content\/uploads\/2022\/07\/sm_yo_nettisivu_logo_2.png 1000w, https:\/\/anttolanurheilijat.fi\/smyo2022\/wp-content\/uploads\/2022\/07\/sm_yo_nettisivu_logo_2-300x150.png 300w, https:\/\/anttolanurheilijat.fi\/smyo2022\/wp-content\/uploads\/2022\/07\/sm_yo_nettisivu_logo_2-768x384.png 768w\" sizes=\"(max-width: 655px) 100vw, 655px\" \/><\/figure>\n\n\n\n<p class=\"has-nv-text-dark-bg-color has-text-color\">Perjantaina 23.9.2022 H21-sarjan karsintakilpailu, lauantaina 24.9.2022 loppukilpailu ja H21-sarjan B-finaali<\/p>\n\n\n\n<h2>Kilpailus\u00e4\u00e4nn\u00f6t ja \u2013ohjeet<\/h2>\n\n\n\n<p class=\"has-nv-text-dark-bg-color has-text-color\">Kilpailussa noudatetaan IOF:n ja SSL:n s\u00e4\u00e4nt\u00f6j\u00e4, SM-kilpailuista vuodelle 2022 annettuja erillisohjeita ja j\u00e4rjest\u00e4jien antamia ohjeita. Kilpailukohtaisia tarkennuksia julkaistaan kilpailun internetsivuilla kilpailua edelt\u00e4vin\u00e4 p\u00e4ivin\u00e4.<\/p>\n\n\n\n<h2>Kilpailun ohjeajat<\/h2>\n\n\n\n<p class=\"has-nv-text-dark-bg-color has-text-color\">SSL:n ohjeiden mukaiset.<\/p>\n\n\n\n<h2>Sarjat<\/h2>\n\n\n\n<p class=\"has-nv-text-dark-bg-color has-text-color\">H21, H20, H18, H16, H15, H35, H40, H45, H50, H55, H60, H65, H70, H75, H80, H85<\/p>\n\n\n\n<p class=\"has-nv-text-dark-bg-color has-text-color\">D21, D20, D18, D16, D15, D35, D40, D45, D50, D55, D60, D65, D70, D75, D80, D85<\/p>\n\n\n\n<p class=\"has-nv-text-dark-bg-color has-text-color\">H21-sarjan finaalista karsiutuneille j\u00e4rjestet\u00e4\u00e4n lauantain loppukilpailun yhteydess\u00e4 B-finaali kansallisena kilpailuna. Suunnistuksen lajis\u00e4\u00e4nt\u00f6jen mukaan SM-kilpailuun osallistuvan tulee olla IOF:n j\u00e4senliiton seuraa edustava Suomen kansalainen tai sellainen ulkomaalainen henkil\u00f6, joka edustaa Suomen Suunnistusliiton j\u00e4senseuraa. Sarjoihin H21 ja D21 osallistuva voi olla my\u00f6s ulkomaalainen IOF:n j\u00e4senliiton seuraa edustava suunnistaja, jota ei kuitenkaan oteta lukuun virallisissa SM-tuloksissa. Osallistujien alaik\u00e4raja on 15 vuotta (vuonna 2007 syntyneet).<\/p>\n\n\n\n<h2>Ilmoittautuminen<\/h2>\n\n\n\n<p class=\"has-nv-text-dark-bg-color has-text-color\">Ilmoittautuminen to 15.9.2022 klo 24:00 menness\u00e4. Kilpailuun ei voi j\u00e4lki-ilmoittautua eik\u00e4 my\u00f6h\u00e4styneit\u00e4 ilmoittautumisia huomioida.<\/p>\n\n\n\n<p class=\"has-nv-text-dark-bg-color has-text-color\">Ilmoittautumisvaihtoehdot:<\/p>\n\n\n\n<ol class=\"has-nv-text-dark-bg-color has-text-color\"><li>Kilpailija edustaa SSL:n j\u00e4senseuraa: Ilmoittautuminen IRMA-palvelun kautta.<\/li><li>Kilpailija on Suomen kansalainen, joka edustaa IOF:n j\u00e4senliittoon kuuluvaa ulkomaalaista seuraa: Ilmoittautuminen s\u00e4hk\u00f6postitse risto.kivinen(at)resultfellows.com&nbsp; ilmoittautumisajan puitteissa s\u00e4hk\u00f6postitse saapuneet ilmoittautumiset vahvistetaan vastaanotetuiksi.<\/li><\/ol>\n\n\n\n<p class=\"has-nv-text-dark-bg-color has-text-color\">Ilmoittautumisen yhteydess\u00e4 on ilmoitettava kilpailijan Emit-kortin numero. Emit-numeron ilmoittamatta j\u00e4tt\u00e4neille varaamme vuokrakortin, kortin vuokra 6 euroa. Vuokrakortit ovat noudettavissa k\u00e4teismaksua vastaan infosta. Palauttamattomista korteista perit\u00e4\u00e4n 100 euroa.<\/p>\n\n\n\n<p class=\"has-nv-text-dark-bg-color has-text-color\">Kilpailijan lisenssimaksu on oltava maksettuna ilmoittautumishetkell\u00e4. Kilpailijoiden on itse varmistettava l\u00e4ht\u00f6luettelosta kilpailukelpoisuutensa. Ilmoittautuneiden luettelo on n\u00e4ht\u00e4viss\u00e4 IRMA-palvelussa ja l\u00e4ht\u00f6luettelo arvonnan j\u00e4lkeen kisasivuilla viimeist\u00e4\u00e4n keskiviikkona 21.9.2022.<\/p>\n\n\n\n<h2>Osanottomaksut<\/h2>\n\n\n\n<p class=\"has-nv-text-dark-bg-color has-text-color\">Osanottomaksu on H21 sarjassa <strong>47 euroa<\/strong> ja muissa sarjoissa <strong>30,60 euroa<\/strong>. Maksut IRMA- palvelun kautta. Muulla tavoin tehdyn ilmoittautumisen osanottomaksu on maksettava ilmoittautumisajan p\u00e4\u00e4ttymiseen menness\u00e4 Anttolan Urheilijat ry:n tilille: FI79 5271 1820 0173 81.<\/p>\n\n\n\n<h2>Leimausj\u00e4rjestelm\u00e4<\/h2>\n\n\n\n<p class=\"has-nv-text-dark-bg-color has-text-color\">Kilpailuissa k\u00e4ytet\u00e4\u00e4n EMIT-leimausj\u00e4rjestelm\u00e4\u00e4.<\/p>\n\n\n\n<h2>Kilpailukeskukset, opastus ja pys\u00e4k\u00f6inti<\/h2>\n\n\n\n<p class=\"has-nv-text-dark-bg-color has-text-color\">K\u00e4yt\u00f6ss\u00e4 on kaksi kilpailukeskusta. H21-sarjan karsintakilpailussa pe 23.9.2022 kilpailukeskus on Pitk\u00e4lahden Er\u00e4miehet ry:n mets\u00e4stysmajalla, osoite Ahvenlammintie 177, Mikkeli. Pys\u00e4k\u00f6inti tienvarressa, matkaa kilpailukeskukseen 0 &#8211; 1000\u00a0m. Pys\u00e4k\u00f6intimaksu 5 e \/ ajoneuvo. Pukeutuminen maasto-olosuhteissa. Uimapaikka on, ei suihkua.<\/p>\n\n\n\n<p class=\"has-nv-text-dark-bg-color has-text-color\">Loppukilpailussa la 24.9.2022 kilpailukeskus on Anttolan yhten\u00e4iskoululla, osoite Sahalantie 2, Mikkeli. Kilpailukeskuksessa suihkut ja pukeutumistilat sek\u00e4 ravintola. Pys\u00e4k\u00f6inti Anttolan taajaman katuverkolla (ja urheilukent\u00e4ll\u00e4), matkaa kilpailukeskukseen&nbsp; 0 &#8211; 1500 m. Ei pys\u00e4k\u00f6intimaksua.<\/p>\n\n\n\n<p class=\"has-nv-text-dark-bg-color has-text-color\">Kumpaankin kilpailukeskukseen on saavuttava saman opastuksen alkupisteen kautta. Opastus alkaa kantatielt\u00e4 62, Anttolan kk:n l\u00e4ntisest\u00e4 liittym\u00e4st\u00e4, osoite Mikkelintie 1, Mikkeli. Opastus on paikallaan pe 23.9.2022 klo 17.00 alkaen. Kilpailu- ja harjoittelukieltoalueen l\u00e4pi kulkevan kantatie 62:n k\u00e4ytt\u00f6 on sallittu kilpailukeskuksiin saavuttaessa ja niist\u00e4 poistuttaessa.<\/p>\n\n\n\n<h2>L\u00e4hd\u00f6t ja l\u00e4ht\u00f6kynnys<\/h2>\n\n\n\n<p class=\"has-nv-text-dark-bg-color has-text-color\">H21-sarjan karsinta alkaa perjantaina 23.9.2022 klo 20.30. Karsinnan l\u00e4ht\u00f6\u00f6n matkaa enint\u00e4\u00e4n 1,2 km. Loppukilpailun l\u00e4hd\u00f6t alkavat lauantaina 24.9.2022 klo 20.30. Lauantain l\u00e4ht\u00f6ihin matkaa enint\u00e4\u00e4n 1,5 km. Kilpailuissa ei k\u00e4ytet\u00e4 l\u00e4ht\u00f6kynnyst\u00e4. L\u00e4ht\u00f6paikkojen l\u00e4heisyydest\u00e4 j\u00e4rjestet\u00e4\u00e4n varustekuljetus maaliin.<\/p>\n\n\n\n<h2>Maasto<\/h2>\n\n\n\n<p class=\"has-nv-text-dark-bg-color has-text-color\">Karsintakilpailun (H21) maasto on melko peitteist\u00e4 mets\u00e4maastoa, jota halkoo muutama kyl\u00e4-, m\u00f6kki- ja mets\u00e4tie. Kivikkoista pohjaa on varsin v\u00e4h\u00e4n, mutta rehev\u00e4 kasvillisuus hidastaa monin paikoin etenemist\u00e4. Pienempien kulku-urien m\u00e4\u00e4r\u00e4 on v\u00e4h\u00e4inen. Korkeampien m\u00e4kien lakialueilla peitteisyytt\u00e4 on v\u00e4hemm\u00e4n.<\/p>\n\n\n\n<p class=\"has-nv-text-dark-bg-color has-text-color\">Loppukilpailun maasto jakautuu yhten\u00e4iseen mets\u00e4alueeseen ja rikkonaisempaan alueeseen, jolla teiden, kuntoilureittien ja muiden kulku-urien tiheys on korkea. Yhten\u00e4isell\u00e4 mets\u00e4alueella kulkukelpoisuus ja n\u00e4kyvyys ovat karsintakilpailun maaston kaltaiset.<\/p>\n\n\n\n<p class=\"has-nv-text-dark-bg-color has-text-color\">Molemmissa maastoissa on jylhi\u00e4 m\u00e4ki\u00e4, joiden korkeuserot ovat suurimmillaan n. 80-90 metri\u00e4.<\/p>\n\n\n\n<h2>Kartta<\/h2>\n\n\n\n<p class=\"has-nv-text-dark-bg-color has-text-color\">Mittakaava on 1:10 000 sarjoissa H\/D15 &#8211; 45, muissa sarjoissa 1:7 500.&nbsp; K\u00e4yr\u00e4v\u00e4li on 5 m. Kartta offsetpainettu 9\/2022. Kartta on muovisuojuksessa. Kartoitus: Esko Savonen (karsintakilpailu), Jarmo Tonder (loppukilpailu).<\/p>\n\n\n\n<h2>GPS-seuranta<\/h2>\n\n\n\n<p class=\"has-nv-text-dark-bg-color has-text-color\">GPS-seuranta: H21, A-finaali, kaikki osallistujat. D21, A-finaali, 25 kpl j\u00e4rjest\u00e4jien valitsemaa kilpailijaa. J\u00e4rjest\u00e4j\u00e4 varaa my\u00f6s oikeuden GPS-seurannan j\u00e4rjest\u00e4miseen karsintakilpailussa. Laitteet jaetaan l\u00e4ht\u00f6paikalla ja niiden k\u00e4ytt\u00e4minen on pakollista. Tarkat ohjeet selvi\u00e4v\u00e4t kilpailuohjeista.<\/p>\n\n\n\n<h2>Palkinnot<\/h2>\n\n\n\n<p class=\"has-nv-text-dark-bg-color has-text-color\">SM-kilpailujen tulosten kolme parasta palkitaan mitaleilla ja kunniapalkinnoin. Lis\u00e4ksi sarjojen H\/D15-21 sijoille 4\u201310 sijoittuneet sek\u00e4 sarjojen H\/D35-85 sijoille 4-6 sijoittuneet palkitaan SSL:n ohjeiden mukaisesti palkintolevykkein.<\/p>\n\n\n\n<h2>Tiedotus<\/h2>\n\n\n\n<p class=\"has-nv-text-dark-bg-color has-text-color\">Kilpailun www-sivut osoitteessa https:\/\/anttolanurheilijat.fi\/smyo2022\/<\/p>\n\n\n\n<h2>Terveysturvallisuus&nbsp;<\/h2>\n\n\n\n<p class=\"has-nv-text-dark-bg-color has-text-color\">Kilpailijoiden, yleis\u00f6n ja j\u00e4rjest\u00e4jien on noudatettava voimassa olevia viranomaissuosituksia.&nbsp;<\/p>\n\n\n\n<p class=\"has-nv-text-dark-bg-color has-text-color\">Kilpailukeskuksessa on tarjolla k\u00e4sidesipisteit\u00e4 wc:n yhteydess\u00e4, l\u00e4ht\u00f6paikoilla, maalissa ja kilpailukeskusrakennuksen sis\u00e4\u00e4n- ja ulosk\u00e4ynniss\u00e4.&nbsp;<\/p>\n\n\n\n<h2>Kilpailun toimihenkil\u00f6t<\/h2>\n\n\n\n<p class=\"has-nv-text-dark-bg-color has-text-color\">Kilpailunjohtaja:&nbsp;<\/p>\n\n\n\n<p class=\"has-nv-text-dark-bg-color has-text-color\">Kalle Manninen kalle.manninen.km(at)gmail.com,&nbsp; puh 0505753455<\/p>\n\n\n\n<p class=\"has-nv-text-dark-bg-color has-text-color\">Ratamestariryhm\u00e4n johtaja, loppukilpailun ratamestari:&nbsp;<\/p>\n\n\n\n<p class=\"has-nv-text-dark-bg-color has-text-color\">Olli-Jussi Korpinen, ojkorpin(at)gmail.com<\/p>\n\n\n\n<p class=\"has-nv-text-dark-bg-color has-text-color\">Karsintakilpailun ratamestari:&nbsp;<\/p>\n\n\n\n<p class=\"has-nv-text-dark-bg-color has-text-color\">Petri Noponen, petri.noponen(at)sivistys.mikkeli.fi<\/p>\n\n\n\n<p class=\"has-nv-text-dark-bg-color has-text-color\">Tiedottaja:&nbsp;<\/p>\n\n\n\n<p class=\"has-nv-text-dark-bg-color has-text-color\">Heikki Manninen, hemannine(at)gmail.com<\/p>\n\n\n\n<p class=\"has-nv-text-dark-bg-color has-text-color\">TA (SSL):&nbsp;<\/p>\n\n\n\n<p class=\"has-nv-text-dark-bg-color has-text-color\">Ari Salonen<\/p>\n\n\n\n<p class=\"has-nv-text-dark-bg-color has-text-color\">Ratavalvoja:<\/p>\n\n\n\n<p class=\"has-nv-text-dark-bg-color has-text-color\">Reijo Mattinen (JoKu), reijo.mattinen(at)pp.inet.fi<\/p>\n\n\n\n<h3>Tervetuloa suunnistamaan \u00e4kki\u00e4 Anttolassa!<\/h3>\n","protected":false},"excerpt":{"rendered":"<p>Lumonite SM-y\u00f6, Anttolan Urheilijoiden 90-vuotisjuhlakilpailu Perjantaina 23.9.2022 H21-sarjan karsintakilpailu, lauantaina 24.9.2022 loppukilpailu ja H21-sarjan B-finaali Kilpailus\u00e4\u00e4nn\u00f6t ja \u2013ohjeet Kilpailussa noudatetaan IOF:n ja SSL:n s\u00e4\u00e4nt\u00f6j\u00e4, SM-kilpailuista vuodelle 2022 annettuja erillisohjeita ja j\u00e4rjest\u00e4jien antamia ohjeita. Kilpailukohtaisia tarkennuksia julkaistaan kilpailun internetsivuilla kilpailua edelt\u00e4vin\u00e4 p\u00e4ivin\u00e4. Kilpailun ohjeajat SSL:n ohjeiden mukaiset. Sarjat H21, H20, H18, H16, H15, H35, H40, H45,&hellip;&nbsp;<a href=\"https:\/\/anttolanurheilijat.fi\/smyo2022\/kilpailukutsu\/\" class=\"\" rel=\"bookmark\">Lue lis\u00e4\u00e4 &raquo;<span class=\"screen-reader-text\">Kilpailukutsu<\/span><\/a><\/p>\n","protected":false},"author":1,"featured_media":0,"parent":0,"menu_order":0,"comment_status":"closed","ping_status":"closed","template":"","meta":{"neve_meta_sidebar":"","neve_meta_container":"","neve_meta_enable_content_width":"","neve_meta_content_width":0,"neve_meta_title_alignment":"","neve_meta_author_avatar":"","neve_post_elements_order":"","neve_meta_disable_header":"","neve_meta_disable_footer":"","neve_meta_disable_title":""},"_links":{"self":[{"href":"https:\/\/anttolanurheilijat.fi\/smyo2022\/wp-json\/wp\/v2\/pages\/74"}],"collection":[{"href":"https:\/\/anttolanurheilijat.fi\/smyo2022\/wp-json\/wp\/v2\/pages"}],"about":[{"href":"https:\/\/anttolanurheilijat.fi\/smyo2022\/wp-json\/wp\/v2\/types\/page"}],"author":[{"embeddable":true,"href":"https:\/\/anttolanurheilijat.fi\/smyo2022\/wp-json\/wp\/v2\/users\/1"}],"replies":[{"embeddable":true,"href":"https:\/\/anttolanurheilijat.fi\/smyo2022\/wp-json\/wp\/v2\/comments?post=74"}],"version-history":[{"count":10,"href":"https:\/\/anttolanurheilijat.fi\/smyo2022\/wp-json\/wp\/v2\/pages\/74\/revisions"}],"predecessor-version":[{"id":511,"href":"https:\/\/anttolanurheilijat.fi\/smyo2022\/wp-json\/wp\/v2\/pages\/74\/revisions\/511"}],"wp:attachment":[{"href":"https:\/\/anttolanurheilijat.fi\/smyo2022\/wp-json\/wp\/v2\/media?parent=74"}],"curies":[{"name":"wp","href":"https:\/\/api.w.org\/{rel}","templated":true}]}}