{"id":677,"date":"2022-09-23T07:58:57","date_gmt":"2022-09-23T07:58:57","guid":{"rendered":"https:\/\/anttolanurheilijat.fi\/smyo2022\/?page_id=677"},"modified":"2022-09-24T07:30:56","modified_gmt":"2022-09-24T07:30:56","slug":"tavlingsdirektiv","status":"publish","type":"page","link":"https:\/\/anttolanurheilijat.fi\/smyo2022\/tavlingsdirektiv\/","title":{"rendered":"T\u00e4vlingsdirektiv"},"content":{"rendered":"\n<p class=\"has-medium-font-size\" style=\"font-style:normal;font-weight:700\">LUMONITE SM-Y\u00d6 2022 <\/p>\n\n\n\n<p class=\"has-medium-font-size\" style=\"font-style:normal;font-weight:700\">Anttolan Urheilijats 90-\u00e5rsjubileumst\u00e4vling 23.9 &#8211; 24.9.2022<\/p>\n\n\n\n<p><strong>T\u00e4vlingsregler och instruktioner<\/strong><\/p>\n\n\n\n<p>I t\u00e4vlingen g\u00e4ller SSL:s grenregler, specialdirektiven f\u00f6r FM-t\u00e4vlingar f\u00f6r \u00e5r 2022 samt dessa arrang\u00f6rens anvisningar.<\/p>\n\n\n\n<p><strong>T\u00e4vlingscentrum (TC)<\/strong><\/p>\n\n\n\n<p>Kvalt\u00e4vlingens (H21) TC \u00e4r jaktstugan till Pitk\u00e4lahden Er\u00e4miehet rf. Adress: Ahvenlammintie 175, S:t Michel.<\/p>\n\n\n\n<p>Finalens TC ligger i omr\u00e5det gr\u00e4nsat till Anttola enhetsskolan och Anttola-huset. Adress: Sahalantie 2, S:t Michel. Det finns lite utrymme f\u00f6r klubbt\u00e4lt i t\u00e4vlingscentret. Platsen st\u00e5r p\u00e5 t\u00e4vlingscentrets karta. Intervall mellan t\u00e4ltorna min 5 m.<\/p>\n\n\n\n<p><strong>Parkering<\/strong><\/p>\n\n\n\n<p>Under kvalt\u00e4vling parkeras fordon p\u00e5 \u00c5venlammentie under ledning av funktion\u00e4rerna. Parkeringsavgift p\u00e5 5 e\/bil betalas till funktion\u00e4ren kontant vid parkering.<\/p>\n\n\n\n<p>I finalen kommer fordon att parkeras under kontroll i gatun\u00e4tet och parkeringsplatserna i Anttola t\u00e4tbebyggelsen. F\u00f6lj instruktionerna fr\u00e5n funktion\u00e4rerna! G\u00e5ngavst\u00e5ndet fr\u00e5n parkering till t\u00e4vlingscentret \u00e4r fr\u00e5n 0 till 1000 m.<\/p>\n\n\n\n<p>Parkering av husvagnar och bilar<\/p>\n\n\n\n<p>De som kommer med husvagnar eller husbilar ombeds att rapportera sin ankomst senast p\u00e5 fre 23.9. kl 12 via e-post till jarno.marttinen73@gmail.com.<\/p>\n\n\n\n<p><strong>Terr\u00e4ng<\/strong><\/p>\n\n\n\n<p>En vecka f\u00f6re t\u00e4vlingarna har terr\u00e4ngen varit ganska torra vid basen med diken l\u00e5gt vatten (utom breda diken). Klipporna \u00e4r dock ganska hala. L\u00e4mplig f\u00f6rsiktighet \u00e4r vettigt. Trots torkan i terr\u00e4ngbasen \u00e4r underv\u00e4xten riklig p\u00e5 vissa st\u00e4llen.<\/p>\n\n\n\n<p>Framkomlighet i kvalterr\u00e4ngen \u00e4r fr\u00e4mst bra, och det finns inga tydligt olika s\u00e4rdrag.&nbsp;<\/p>\n\n\n\n<p>I finalens terr\u00e4ng har h\u00f6jdernas lagomr\u00e5den drabbats av sn\u00f6skador i 2018. I den v\u00e4stligaste delen av terr\u00e4ngen sk\u00f6rdades skadade tr\u00e4n inte, och fallna tr\u00e4d och fallna toppar g\u00f6r orienteringen lite sv\u00e5r i riktning. I andra omr\u00e5den observeras ett k\u00f6rsp\u00e5rsn\u00e4t som skiljer sig fr\u00e5n normalt skogsbruk i varierande grad pga. drivning av skadade tr\u00e4d. Linj\u00e4ra (ISOM2017 symbol 508) och regionala (403) symboler har anv\u00e4nts f\u00f6r att beskriva sp\u00e5ren p\u00e5 kartan.<\/p>\n\n\n\n<figure class=\"wp-block-image\"><img src=\"https:\/\/lh3.googleusercontent.com\/u94FC4CuFsTdAP5xlHtcsoeZQXwu35xugcmYBtisf0SvMl6OV1vAtQHYT4kPLK6QOwZEZCCOpHU_DUvQ7uJhTOXSJAObWi0yTPAUkCjy10bcRF869DhEwcb-IkwGa_ohZz9r8_dyL3eeVu2CGAxv7kEwGNk9GlW4h5frxNVjvatNQnrjS5hWzm4lgQ\" alt=\"\"\/><\/figure>\n\n\n\n<p>Stigl\u00f6pningsleden markerad i terr\u00e4ngen 2021 visas p\u00e5 kartan st\u00e4llvis med symbolen f\u00f6r den oklara stigen (507).<\/p>\n\n\n\n<figure class=\"wp-block-image\"><img src=\"https:\/\/lh5.googleusercontent.com\/eAPDAwYTOPlTu1CSfNAvBUOJ6c6mQYRj0KHDPUcTwLCrww88ezug92Jmj6esLKSvVVA2vuHmu_tWZ10hJ5RQdn5ur5lqRZUN2I66BSeuu_xOdSWNWszeqRrMRPWHRwzB_EucW_mFpTq0YVsMfhEddfdAGROMVortDLLn6ihc0C3mEjjiG_QQN2MEHA\" alt=\"\"\/><\/figure>\n\n\n\n<p>De \u00e5kermark som \u00e4r till\u00e5tna att betr\u00e4da har pl\u00f6jts inte och \u00e4r snabbl\u00f6pt. En l\u00e5ngt synliga energitr\u00e4dstacken och andra lagerh\u00f6gar som ligger i ett \u00e5keromr\u00e5de \u00e4r inte markerade p\u00e5 kartan eller avgr\u00e4nsas av terr\u00e4ngen.<\/p>\n\n\n\n<p><strong>Karta och banor<\/strong><\/p>\n\n\n\n<p>T\u00e4vlingskartans skala \u00e4r 1:10 000 f\u00f6r klasserna H\/D15-21 och H\/D35-45. F\u00f6r klasserna H\/D50-85 \u00e4r kartskalan 1:7 500. Kartan har en ekvidistans p\u00e5 5 m. Kartan har ritats av Esko Savonen i kvalet och Jarmo Tonder i finalen. Kartan \u00e4r CMYK offsettryckt 9\/2022. Kartorna finns till p\u00e5seende i startf\u00e5llan. Kartorna \u00e4r i slutna plastfodral. T\u00e4vlingskartans storlek \u00e4r A4 (297\u00d7210 mm) i H21-kvalt\u00e4vling och i final ca. A3 (ca. 420\u00d7297 mm).<\/p>\n\n\n\n<p>I finalen anv\u00e4nder H21-klassen en gafflingsmetod (s\u00e5 kallad fj\u00e4rilsgaffling) och kartbyte. Vid starten tar t\u00e4vlanden med ett udda t\u00e4vlingsnummer kartan med symbolen H21-1 och t\u00e4vlanden med ett j\u00e4mnt t\u00e4vlingsnummer kartan med symbolen H21-2. Kartbytet sker vid en kontroll.<\/p>\n\n\n\n<p>Efter st\u00e4mplingen l\u00e4mnar t\u00e4vlanden kartan i uppsamlingskorgen och tar en ny karta markerad med symbolen H21.<\/p>\n\n\n\n<figure class=\"wp-block-image\"><img src=\"https:\/\/lh5.googleusercontent.com\/oMvUVv7RiIoCCCw3ftAeVgIUwdtLLQ9tyxj_3cmCjN1BlsNbf8bG7WfP-SExAvS-VqKuWlOPsAW4VOmXfmv6iCKkWslEj2W2KpvCvwYEdDM34H0Ib-LsVfexsMneuAVk3K89GCLCujkk1OBXMdZ0Z_-uOdMo7QObAYIsu6Nj1yLd7hkClwoIUdf_Bg\" alt=\"\"\/><\/figure>\n\n\n\n<p>Specialtecken p\u00e5 kartan (svart f\u00e4rg): \u1d0f = tj\u00e4rmila, \u00d7 = liten struktur<\/p>\n\n\n\n<p>\u00c4ndringar i terr\u00e4ngen efter tryck markeras p\u00e5 modellkartor.<\/p>\n\n\n\n<p><strong>Kontroller<\/strong><\/p>\n\n\n\n<p>Kontrollerna har Emit-st\u00e4mpel och \u00e4r markerade med kontrollsk\u00e4rm. Modellkontroll finns i t\u00e4vlingscentralen vid infop\u00e5len. Vi rekommenderar att testa Emit-kortets funktion vid modellkontrollen.<\/p>\n\n\n\n<p>P\u00e5 kvalt\u00e4vlingen finns en online -kontroll. P\u00e5 finalen finns flera online kontroller och mellantiderna fr\u00e5n dessa kan ses p\u00e5 t\u00e4vlingens hemsida.<\/p>\n\n\n\n<p><strong>T\u00e4vlingsnummer<\/strong><\/p>\n\n\n\n<p>Alla deltagare anv\u00e4nder t\u00e4vlingsnummer. Nummerlapparna finns vid startplatserna. Olika nummer anv\u00e4nds f\u00f6r kvalet och A-finalen. I B-finalen anv\u00e4nds kvalt\u00e4vlingens nummerlapparna. T\u00e4vlande \u00e4r ansvarig f\u00f6r att ta sitt eget t\u00e4vlingsnummer. T\u00e4vlande f\u00e4star nummerlappan p\u00e5 br\u00f6stet med sina egna s\u00e4kerhetsn\u00e5lar. T\u00e4vlingsnumret f\u00e5r inte vikas.<\/p>\n\n\n\n<p><strong>Kontrollangivelser<\/strong><\/p>\n\n\n\n<p>De l\u00f6sa kontrollangivelserna f\u00f6r alla klasser finns tillg\u00e4ngliga i startf\u00e5llan. Det erbjuds inget material f\u00f6r att f\u00e4sta kontrollangivelserna. Kontrollangivelserna \u00e4r tryckta \u00e4ven p\u00e5 kartan.<\/p>\n\n\n\n<p><strong>Emit-st\u00e4mpling<\/strong><\/p>\n\n\n\n<p>I t\u00e4vlingen anv\u00e4nds Emit-st\u00e4mplingssystem. Kontrollera fr\u00e5n startlistan ditt emit-nummer och vid infop\u00e5len i TC att din Emit -bricka fungerar. Om din Emit-bricka inte fungerar f\u00e5r du en<\/p>\n\n\n\n<p>hyresbricka fr\u00e5n Info. Alla ovann\u00e4mda \u00e5tg\u00e4rder \u00e4r p\u00e5 t\u00e4vlandes ansvar. Om man har fel Emitnummer leder det till diskvalifikation. Om Emit-brickans nummer \u00e4r fel, meddela detta p\u00e5 f\u00f6rhand per epost <a href=\"mailto:risto.kivinen@resultfellows.com\">risto.kivinen@resultfellows.com<\/a> senast fredagen 23.9. kl 12.00. Efter detta kostar Emit-brickans nummer\u00e4ndringar 5 euro\/\u00e4ndring och detta ska g\u00f6ras i info f\u00f6re start. Emit-brickans nummer\u00e4ndrig \u00e4r inte m\u00f6jligt vid startplatserna. Om man vill hyra emit-brickor man kan g\u00f6ra det fr\u00e5n Info. Hyrbrickan kostar 6\u20ac. F\u00f6r icke tillbakal\u00e4mnad hyrbricka debiteras 100 e. Om man vill hyra Emit-bricka b\u00f6r man meddela detta till Info senast p\u00e5 fredag 23.6. kl 12.00 per epost till <a href=\"mailto:sarisiskonurmela@gmail.com\">sarisiskonurmela@gmail.com<\/a>. Emit-brickans kontrollkort finns vid startplatserna n\u00e4ra t\u00e4vlingsnumren.<\/p>\n\n\n\n<p><strong>Start<\/strong><\/p>\n\n\n\n<p>Startlistor<\/p>\n\n\n\n<p>Startlistorna har uppr\u00e4ttats i enlighet med Finlands orienteringsf\u00f6rbunds grenregler och specialdirektiven f\u00f6r FM-t\u00e4vlingar f\u00f6r \u00e5r 2022. Startlistorna f\u00f6r kvalst\u00e4vling och direkta FM-finalklasser har publicerats p\u00e5 t\u00e4vlingens webbsidan www.anttolanurheilijat.fi p\u00e5 tisdag 20.9. och kan ses p\u00e5 t\u00e4vlingsdagen b\u00e5de p\u00e5 t\u00e4vlingscentrets anslagstavla och i v\u00e4ntningsomr\u00e5den av startplatserna. Startlistorna f\u00f6r finalt\u00e4vlingen i H21 och H21B-klassen kommer att publiceras b\u00e5de p\u00e5 t\u00e4vlingscentrets anslagstavla och p\u00e5 webben efter att resultaten fr\u00e5n den kvalt\u00e4vlingen har klargjorts. Startlistorna kommer ocks\u00e5 att finnas tillg\u00e4ngliga f\u00f6r visning p\u00e5 l\u00f6rdag p\u00e5 anslagstavlan p\u00e5 TC och i v\u00e4ntningsomr\u00e5den av startplatserna. Deltagare som har inte kvalficerat till FM-finalen i H21-klassen placeras tillsammans i B-finalen med det b\u00e4sta av kvalet som startar sist. \u00c4ven i B-finalen implementeras avg\u00e5ngar som mellanliggande tidsavg\u00e5ngar. \u00c4ven B-finalen avg\u00f6rs som mellantidsstart. T\u00e4vlare som har anm\u00e4lt sig till H21 -kvalt\u00e4vlingen, men inte startar p\u00e5 kvalt\u00e4vlingen, f\u00e5r t\u00e4vla i B-finalen. Startintervallet \u00e4r 2 min i kvalt\u00e4vlingen. I finalen p\u00e5 l\u00f6rdag \u00e4r startintervallen 2 min &#8211; 3 min klassvis.<\/p>\n\n\n\n<p>Starttider och -platser<\/p>\n\n\n\n<p>F\u00f6r kval- och finalt\u00e4vlingen \u00e4r f\u00f6rsta starttiden klockan 20.30. Det finns en startplats i kvalet och tv\u00e5 startplatser i finalen. Platser f\u00f6r olika klasser finns i tabellen \u201cKlasser och banl\u00e4ngder\u201d<\/p>\n\n\n\n<p>Snitslingar till startplatser<\/p>\n\n\n\n<p>Snitslingar till startplatser b\u00f6rjar fr\u00e5n infop\u00e5len och \u00e4r m\u00e4rkt med vit snitsel. Det \u00e4r 300 m till start av kvalet och 1400 m till start av finalen. Det \u00e4r till\u00e5tet att g\u00e5 till starten endast l\u00e4ngs med snitslingen. Snitslingen g\u00e5r fr\u00e4mst l\u00e4ngs v\u00e4gar, gator och stigar. P\u00e5 350 m &#8211; 400 m str\u00e4cka \u00e4r snitslingen till finalens startplatser l\u00e5ngsamt framkomlig.<\/p>\n\n\n\n<p>Startprocedur<\/p>\n\n\n\n<p>T\u00e4vlaren kallas in till startf\u00e5llan 5 minuter f\u00f6re starttid. Emit-nollning 4 min, kontrollangivelser 3 min, modellkarta 2 min och till kartorna 1 min f\u00f6re starttid. Kartan f\u00e5r tas n\u00e4r startsignalen h\u00f6rs.<\/p>\n\n\n\n<p><strong>M\u00e5l<\/strong><\/p>\n\n\n\n<p>P\u00e5 fredagens kvalt\u00e4vling \u00e4r m\u00e5let i t\u00e4vlingscentrum. T\u00e4vlande som kommer till m\u00e5l \u00f6verl\u00e4mnar sin karta till funktion\u00e4ren efter emit-st\u00e4mpelkontroll. \u00c5terl\u00e4mnande av kartor b\u00f6rjar i TC efter den sista starttid.<\/p>\n\n\n\n<p>Det finns tv\u00e5 m\u00e5l i l\u00f6rdagens final. M\u00e5l 1 ligger 400 meter fr\u00e5n TC, och det \u00e4r fritt tillg\u00e5ng till m\u00e5lomr\u00e5det.T\u00e4vlande utf\u00f6r en m\u00e5lst\u00e4mpling vid m\u00e5llinjen och forts\u00e4tter sedan till st\u00e4mpelkontroll.<\/p>\n\n\n\n<p>M\u00e5l 2 \u00e4r en bemannad m\u00e5lpunkt (kallad fj\u00e4rrm\u00e5l) som ligger i t\u00e4vlingsomr\u00e5det, fr\u00e5n 800 m bort till t\u00e4vlingscentret. T\u00e4vlande fr\u00e5n klasser D60-85 och H70-85 l\u00f6par till M\u00e5l 2. Efter m\u00e5lst\u00e4mplingen forts\u00e4tter deltagarna, med v\u00e4gledning av funktion\u00e4r och vit snitsel, till st\u00e4mpelkontrollplatsen vid m\u00e5l 1.<\/p>\n\n\n\n<p>Efter st\u00e4mpelinspektionen l\u00e4mnar t\u00e4vlande sin karta i en klubbp\u00e5se p\u00e5 st\u00e4llning. Kartor samlas in fr\u00e5n alla t\u00e4vlande fram till den sista t\u00e4vlarens starttid. I finalt\u00e4vlingen kommer kartp\u00e5sarna att returneras till en medlem av f\u00f6rening i info, mot kvittering, fr\u00e5n kl. 23.45. Det \u00e4r m\u00f6jligt att posta kartp\u00e5sen till en \u00f6verenskommen person. Postadress anges och leveransavgift 6 e betalas till informationen.<\/p>\n\n\n\n<p>M\u00e5lg\u00e5ngen p\u00e5 kvalet st\u00e4ngs kl 23.45 och i finalen kl 01.30.<\/p>\n\n\n\n<p><strong>Klagomur<\/strong><\/p>\n\n\n\n<p>Oklara fall i t\u00e4vlingen behandlas omedelbart vid klagomuren i n\u00e4rheten av m\u00e5let.<\/p>\n\n\n\n<p><strong>Avbrytning<\/strong>&nbsp;<\/p>\n\n\n\n<p>De som har avbrutit m\u00e5ste anm\u00e4la sig vid m\u00e5let och om m\u00f6jligt m\u00e5lst\u00e4mpla. \u00c4ven avbrytning vid skada b\u00f6r anm\u00e4las till m\u00e5lpersonalen.<\/p>\n\n\n\n<p><strong>Klasser och banl\u00e4ngder<\/strong><\/p>\n\n\n\n<figure class=\"wp-block-table\"><table><tbody><tr><td><strong>Kvalt\u00e4vling 23.9.<\/strong><\/td><td><\/td><td><\/td><td><\/td><td><\/td><\/tr><tr><td>Klass<\/td><td>Banl\u00e4ngd<\/td><td>Skala<\/td><td>Start<\/td><td>Kontrollantall<\/td><\/tr><tr><td>H21K1<\/td><td>6,2 km<\/td><td>1:10 000<\/td><td>K<\/td><td>10<\/td><\/tr><tr><td>H21K2<\/td><td>6,1 km<\/td><td>1:10 000<\/td><td>K<\/td><td>10<\/td><\/tr><tr><td>H21K3<\/td><td>6,3 km<\/td><td>1:10 000<\/td><td>K<\/td><td>10<\/td><\/tr><tr><td><\/td><td><\/td><td><\/td><td><\/td><td><\/td><\/tr><tr><td><strong>Final 24.9.<\/strong><\/td><td><\/td><td><\/td><td><\/td><td><\/td><\/tr><tr><td>Klass<\/td><td>Banl\u00e4ngd<\/td><td>Skala<\/td><td>Start<\/td><td>Kontrollantall<\/td><\/tr><tr><td>H21<\/td><td>10,9 km<\/td><td>1:10 000<\/td><td>1<\/td><td>24<\/td><\/tr><tr><td>D21<\/td><td>6,8 km<\/td><td>1:10 000<\/td><td>1<\/td><td>14<\/td><\/tr><tr><td><\/td><td><\/td><td><\/td><td><\/td><td><\/td><\/tr><tr><td>H20<\/td><td>7,6 km<\/td><td>1:10 000<\/td><td>1<\/td><td>16<\/td><\/tr><tr><td>H18<\/td><td>6,3 km<\/td><td>1:10 000<\/td><td>1<\/td><td>14<\/td><\/tr><tr><td>H16<\/td><td>4,6 km<\/td><td>1:10 000<\/td><td>1<\/td><td>12<\/td><\/tr><tr><td>H15<\/td><td>3,8 km<\/td><td>1:10 000<\/td><td>1<\/td><td>9<\/td><\/tr><tr><td>D20<\/td><td>5,3 km<\/td><td>1:10 000<\/td><td>1<\/td><td>12<\/td><\/tr><tr><td>D18<\/td><td>5,1 km<\/td><td>1:10 000<\/td><td>1<\/td><td>12<\/td><\/tr><tr><td>D16<\/td><td>3,8 km<\/td><td>1:10 000<\/td><td>1<\/td><td>9<\/td><\/tr><tr><td>D15<\/td><td>3,4 km<\/td><td>1:10 000<\/td><td>1<\/td><td>10<\/td><\/tr><tr><td><\/td><td><\/td><td><\/td><td><\/td><td><\/td><\/tr><tr><td>H35<\/td><td>7,5 km<\/td><td>1:10 000<\/td><td>1<\/td><td>15<\/td><\/tr><tr><td>H40<\/td><td>7,5 km<\/td><td>1:10 000<\/td><td>1<\/td><td>15<\/td><\/tr><tr><td>H45<\/td><td>6,7 km<\/td><td>1:10 000<\/td><td>1<\/td><td>15<\/td><\/tr><tr><td>H50<\/td><td>6,1 km<\/td><td>1:7 500<\/td><td>1<\/td><td>15<\/td><\/tr><tr><td>H55<\/td><td>6,0 km<\/td><td>1:7 500<\/td><td>1<\/td><td>13<\/td><\/tr><tr><td>H60<\/td><td>5,2 km<\/td><td>1:7 500<\/td><td>1<\/td><td>11<\/td><\/tr><tr><td>H65<\/td><td>4,3 km<\/td><td>1:7 500<\/td><td>1<\/td><td>10<\/td><\/tr><tr><td>H70<\/td><td>3,1 km<\/td><td>1:7 500<\/td><td>2<\/td><td>7<\/td><\/tr><tr><td>H75<\/td><td>2,6 km<\/td><td>1:7 500<\/td><td>2<\/td><td>7<\/td><\/tr><tr><td>H80<\/td><td>2,4 km<\/td><td>1:7 500<\/td><td>2<\/td><td>6<\/td><\/tr><tr><td>H85<\/td><td>1,8 km<\/td><td>1:7 500<\/td><td>2<\/td><td>5<\/td><\/tr><tr><td>D35<\/td><td>5,3 km<\/td><td>1:10 000<\/td><td>1<\/td><td>12<\/td><\/tr><tr><td>D40<\/td><td>4,2 km<\/td><td>1:10 000<\/td><td>1<\/td><td>10<\/td><\/tr><tr><td>D45<\/td><td>3,8 km<\/td><td>1:10 000<\/td><td>1<\/td><td>10<\/td><\/tr><tr><td>D50<\/td><td>3,6 km<\/td><td>1:7 500<\/td><td>2<\/td><td>8<\/td><\/tr><tr><td>D55<\/td><td>3,6 km<\/td><td>1:7 500<\/td><td>2<\/td><td>8<\/td><\/tr><tr><td>D60<\/td><td>3,0 km<\/td><td>1:7 500<\/td><td>2<\/td><td>6<\/td><\/tr><tr><td>D65<\/td><td>2,4 km<\/td><td>1:7 500<\/td><td>2<\/td><td>6<\/td><\/tr><tr><td>D70<\/td><td>2,4 km<\/td><td>1:7 500<\/td><td>2<\/td><td>6<\/td><\/tr><tr><td>D75<\/td><td>1,8 km<\/td><td>1:7 500<\/td><td>2<\/td><td>5<\/td><\/tr><tr><td>D80<\/td><td>1,8 km<\/td><td>1:7 500<\/td><td>2<\/td><td>5<\/td><\/tr><tr><td>D85<\/td><td>1,8 km<\/td><td>1:7 500<\/td><td>2<\/td><td>5<\/td><\/tr><tr><td>H21B<\/td><td>7,8 km<\/td><td>1: 10 000<\/td><td>1<\/td><td>17<\/td><\/tr><\/tbody><\/table><\/figure>\n\n\n\n<p><strong>GPS-uppf\u00f6ljning<\/strong><\/p>\n\n\n\n<p>GPS-uppf\u00f6ljning anv\u00e4nds b\u00e5de i kval (H21) och final (H21 och D21). I kvalt\u00e4vlingen uppf\u00f6ljas 25 sist startande t\u00e4vlarna per klass. GPS-v\u00e4starna delas vid Info i TC. GPS-enheterna delas vid start. Funktion\u00e4rerna hj\u00e4lper till att kl\u00e4 p\u00e5 sig GPS-utrustningen.&nbsp;<\/p>\n\n\n\n<p>Anv\u00e4ndningen av en GPS-tracker \u00e4r obligatorisk, och v\u00e4gran att g\u00f6ra det leder till diskvalificering av t\u00e4vlaren. Efter m\u00e5lg\u00e5ng l\u00e4mnas GPS-enheter och v\u00e4st tillbaka till funktion\u00e4ren i m\u00e5l.<\/p>\n\n\n\n<p><strong>Kl\u00e4dtransport<\/strong><\/p>\n\n\n\n<p>P\u00e5 l\u00f6rdagens final arrangeras kl\u00e4dtransport fr\u00e5n n\u00e4rheten av startplatser till n\u00e4rheten av infop\u00e5len i t\u00e4vlingscentrum. OBS! ta med en kasse eller p\u00e5se f\u00f6r dina kl\u00e4der och m\u00e4rk den med ditt t\u00e4vlingsnummer! Arrang\u00f6rerna erbjuder inga p\u00e5sar.&nbsp;<\/p>\n\n\n\n<p><strong>T\u00e4vlingsskor<\/strong>&nbsp;<\/p>\n\n\n\n<p>Det \u00e4r f\u00f6rbjudet att anv\u00e4nda spikskor. Dubbskor \u00e4r tilll\u00e5tna.<\/p>\n\n\n\n<p><strong>F\u00f6rbjudna omr\u00e5den<\/strong><\/p>\n\n\n\n<p>I kvalt\u00e4vlingens terr\u00e4ng finns det n\u00e5gra f\u00f6rbjudna omr\u00e5den markerade p\u00e5 kartan med symbolen f\u00f6r tomtmark.<\/p>\n\n\n\n<p>Terr\u00e4ngen i finalen inneh\u00e5ller f\u00f6rbjudna omr\u00e5den markerade p\u00e5 kartan med tomtmarksymbolen och banans tryckf\u00e4rg. Kanterna p\u00e5 vissa tomtmark \u00e4r avgr\u00e4nsade till terr\u00e4ngen med snitsel och tryckt p\u00e5 kartan med \u00f6verskridgingsf\u00f6rbjudsymbolen. Stamv\u00e4g 62, som g\u00e5r igenom t\u00e4vlingsomr\u00e5det, \u00e4r f\u00f6rbjudet omr\u00e5de ocks\u00e5 f\u00f6r avbrytna t\u00e4vlare av trafiks\u00e4kerhetssk\u00e4l (bortsett v\u00e4gkorsningar av banor och startsnitsel).&nbsp;<\/p>\n\n\n\n<p>F\u00e4rgen p\u00e5 snitseln av f\u00f6rbjudna omr\u00e5den \u00e4r r\u00f6dvit. L\u00e4ngs stamv\u00e4gen 62 finns det ocks\u00e5 gula markeringsband som anv\u00e4nds f\u00f6r att styra viltdjur. Banden \u00e4r inte markerad p\u00e5 kartan. Tv\u00e5 sm\u00e5 f\u00f6rbjudna omr\u00e5den i terr\u00e4ng, en snitsel som bekr\u00e4ftar tomtens gr\u00e4ns och en snitsel ovanp\u00e5 ett farligt stup \u00e4r inte markerade p\u00e5 kartan.<\/p>\n\n\n\n<p><strong>V\u00e4tska<\/strong><\/p>\n\n\n\n<p>P\u00e5 fredagens kvalt\u00e4vling finns ej v\u00e4tskeplatser i terr\u00e4ngen. I finalterr\u00e4ngen finns v\u00e4tskeplatser med vatten i terr\u00e4ngen. V\u00e4tskeplatsen \u00e4r endast markerad p\u00e5 kontrollangivelsen n\u00e4r den ligger vid kontroll och endast p\u00e5 kartan i andra fall.<\/p>\n\n\n\n<p><strong>F\u00f6rsta hj\u00e4lp<\/strong><\/p>\n\n\n\n<p>Det finns f\u00f6rsta hj\u00e4lp -punkter i TC. I finalen f\u00f6rsta hj\u00e4lp \u00e4r tillg\u00e4nglig vid v\u00e4tskekontrollerna. F\u00f6rstahj\u00e4lpsgruppen har beredskap att h\u00e4mta skadade fr\u00e5n terr\u00e4ngen. F\u00f6rsta hj\u00e4lps gruppen n\u00e5s via&nbsp; 044 534 6266 (Heli Noponen), terr\u00e4ngevakueringgruppens ledare&nbsp; 040 582 2348 (Janne Syrj\u00e4l\u00e4inen). Allm\u00e4nna n\u00f6dnumret \u00e4r 112, kom \u00e4ven ih\u00e5g \u201d112 Finland\u201d mobilappen.&nbsp;<\/p>\n\n\n\n<p><strong>Foto- och videografering<\/strong><\/p>\n\n\n\n<p>Under b\u00e5de kvalet och finalen kan det finnas foto- och videografer i terr\u00e4ngen och i TC. T\u00e4vling \u00e4r en officiel tillst\u00e4llning och d\u00e5 kan arrang\u00f6rerna fotografera och publiceras material bl.a. p\u00e5 deras websidor och i media.&nbsp;<\/p>\n\n\n\n<p><strong>Resultat<\/strong><\/p>\n\n\n\n<p>Resultaten publiceras p\u00e5 resultattavlan i TC och p\u00e5 t\u00e4vlingens webbplats www.anttolanurheilijat.fi\/smyo2022.<\/p>\n\n\n\n<p><strong>Priser och prisutdelningens tidsplan<\/strong><\/p>\n\n\n\n<p>I alla FM-klasser delas det ut medaljer och minnespris till de tre b\u00e4sta. I FM-klasser H\/D 15-21 tilldelas placeringarna 4-10 och i FM-klasser H\/D 35-70 placeringarna 4-6 FM-plaketter. I klasser H\/D 75-85 delas ej ut plakett, enligt grenreglerna. I B-finalen delas inte n\u00e5got pris. Priserna utdelas efter klassresultat bekr\u00e4ftats. Prisutdelningen meddelas av speakern.&nbsp;<\/p>\n\n\n\n<p><strong>Info<\/strong><\/p>\n\n\n\n<p>Info \u00e4r \u00f6ppen p\u00e5 fredag fr\u00e5n kl 18.30 och p\u00e5 l\u00f6rdag fr\u00e5n kl 18.00 och st\u00e4nger en halv timme efter sista m\u00e5lg\u00e5ng. I Info behandlas Emit \u00e4ndringar samt alla fr\u00e5gor som har n\u00e5gonting att g\u00f6ra med t\u00e4vlingen och t\u00e4vlande. Info delar \u00e4ven ut GPS v\u00e4starna. Eventuella protester l\u00e4mnas in till Info skriftligt. Info tar emot kontant och kortbetalning \u00e4r ocks\u00e5 m\u00f6jlig.<\/p>\n\n\n\n<p><strong>Omkl\u00e4dning, tv\u00e4tt och WC<\/strong><\/p>\n\n\n\n<p>S\u00e4rskilda omkl\u00e4dningsutrymmen finns ej i kvalt\u00e4vlingen. En WC-vagn ligger i TC.&nbsp;<\/p>\n\n\n\n<p>I finalen finns det varm utrymme i sporthallen och skolkorridor d\u00e4r man kan byta om. Det \u00e4r f\u00f6rbjudet at g\u00e5 med uteskor inomhus. F\u00f6r att h\u00e5lla ing\u00e5ngen till skolans lokaler fritt, ska alla efter att ha tagit av sig skorna ta dem med sig. Skor f\u00e5r inte l\u00e4mnas p\u00e5 skolkorridoren.Det finns begr\u00e4nsat utrymme f\u00f6r tv\u00e4tt och tv\u00e4ttm\u00f6jligheter i sporthallen \u00e4r endast reserverade f\u00f6r kvinnor.. Det finns inget tv\u00e4ttrum f\u00f6r m\u00e4n. Toaletter finns i skollokaler och l\u00e4ngs startsnitseln, 400 m f\u00f6re starplatserna.<\/p>\n\n\n\n<p><strong>Kaf\u00e9 och restaurang<\/strong><\/p>\n\n\n\n<p>En liten kantin serverar i kvalt\u00e4vlingens TC. I finalen serverar restaurangen p\u00e5 nedre v\u00e5ningen av Anttola-huset.<\/p>\n\n\n\n<p><strong>S\u00e4kerhet<\/strong><\/p>\n\n\n\n<p>S\u00e4kerhetsplanen med alla n\u00f6dv\u00e4ndiga instruktioner mm. finns p\u00e5 t\u00e4vlinges websidor och p\u00e5 anslagstavlan i TC.&nbsp;<\/p>\n\n\n\n<p><strong>Aktiviteter som \u00e4r inte tilll\u00e5tna<\/strong><\/p>\n\n\n\n<ul><li>\u00d6vernattning, \u00f6ppen eld, anv\u00e4ndning av campingkokare och grillar, r\u00f6kning i TC och parkeringsplatser<\/li><li>Reklam och f\u00f6rs\u00e4ljning i t\u00e4vlingscentralen och parkeringsplatserna utan arrang\u00f6rens tillst\u00e5nd<\/li><li>P\u00e5kl\u00e4dning och g\u00e5ende med dubbskor inomhus och p\u00e5 tr\u00e4ytorna framf\u00f6r byggnader (trappor och ramper)<\/li><li>L\u00e4mnande av sopor (t.ex. energigelpackningar) p\u00e5 andra platser \u00e4n i roskisar vid v\u00e4tskeplatser under t\u00e4vlingsprestation.<\/li><li>N\u00f6jes\u00e5kning p\u00e5 den delen av stamv\u00e4g 62 som ing\u00e5r i t\u00e4vlingsomr\u00e5de mellan l\u00f6r 24.9. kl 19.00 &#8211; s\u00f6n 25.9. kl 01.00. V\u00e4gen f\u00e5r endast anv\u00e4ndas f\u00f6r ankomst till t\u00e4vlingen och f\u00f6r hemresa, och fordon f\u00e5r inte parkeras p\u00e5 v\u00e4gsektionen.<\/li><\/ul>\n\n\n\n<p><strong>Hittegods<\/strong><\/p>\n\n\n\n<p>Under t\u00e4vlingshelgen kan hittegods fr\u00e5gas efter i Info. Efter t\u00e4vlingen kan hittegods fr\u00e5gas efter via epost av sarisiskonurmela@gmail.com. Alla hittegods som \u00e4r kvar efter tv\u00e5 veckor transporteras till polisens hittegodsbyr\u00e5 i S:t Michel.<\/p>\n\n\n\n<p><strong>Huvudfunktion\u00e4rer<\/strong><\/p>\n\n\n\n<p>T\u00e4vlingsledare:&nbsp; Kalle Manninen<\/p>\n\n\n\n<p>Kommunikationsansvarig:&nbsp; &nbsp; &nbsp; &nbsp; Heikki Manninen<\/p>\n\n\n\n<p>Finlands orienteringsf\u00f6rbunds kontrollant (TA):&nbsp; &nbsp; &nbsp; &nbsp; &nbsp; Ari Salonen<\/p>\n\n\n\n<p>Bankontrollant:&nbsp; Reijo Mattinen, JoKu<\/p>\n\n\n\n<p>Banl\u00e4ggare, kval: Petri Noponen<\/p>\n\n\n\n<p>Banl\u00e4ggare, final: Olli-Jussi Korpinen<\/p>\n\n\n\n<p>Parkering: &nbsp; &nbsp; &nbsp; Jarno Marttinen<\/p>\n\n\n\n<p>Info:&nbsp; &nbsp; &nbsp; &nbsp; &nbsp; &nbsp; &nbsp; &nbsp; Sari Nurmela<\/p>\n\n\n\n<p>Startplatser: &nbsp; &nbsp; &nbsp; &nbsp; &nbsp; Arto Lilja<\/p>\n\n\n\n<p>M\u00e5l: &nbsp; &nbsp; &nbsp; &nbsp; Hannu Peltonen<\/p>\n\n\n\n<p>Resultat: &nbsp; Resultfellows\/Risto Kivinen<\/p>\n\n\n\n<p>S\u00e4kerhet: &nbsp; &nbsp; Joonatan Kivel\u00e4<\/p>\n\n\n\n<p>F\u00f6rsta hj\u00e4lp: &nbsp; &nbsp; &nbsp; &nbsp; Heli Noponen<\/p>\n\n\n\n<p>Speaker: &nbsp; &nbsp; &nbsp; &nbsp; Petri Lindqvist<\/p>\n\n\n\n<p><strong>Jury<\/strong><\/p>\n\n\n\n<p>Ordf\u00f6rande: Janne Weckman, VeVe<\/p>\n\n\n\n<p>Medlem: Anna N\u00e4rhi, LS-37<\/p>\n\n\n\n<p>Medlem:, Sami-Petteri Juopperi, Navi<\/p>\n","protected":false},"excerpt":{"rendered":"<p>LUMONITE SM-Y\u00d6 2022 Anttolan Urheilijats 90-\u00e5rsjubileumst\u00e4vling 23.9 &#8211; 24.9.2022 T\u00e4vlingsregler och instruktioner I t\u00e4vlingen g\u00e4ller SSL:s grenregler, specialdirektiven f\u00f6r FM-t\u00e4vlingar f\u00f6r \u00e5r 2022 samt dessa arrang\u00f6rens anvisningar. T\u00e4vlingscentrum (TC) Kvalt\u00e4vlingens (H21) TC \u00e4r jaktstugan till Pitk\u00e4lahden Er\u00e4miehet rf. Adress: Ahvenlammintie 175, S:t Michel. Finalens TC ligger i omr\u00e5det gr\u00e4nsat till Anttola enhetsskolan och Anttola-huset. Adress:&hellip;&nbsp;<a href=\"https:\/\/anttolanurheilijat.fi\/smyo2022\/tavlingsdirektiv\/\" class=\"\" rel=\"bookmark\">Lue lis\u00e4\u00e4 &raquo;<span class=\"screen-reader-text\">T\u00e4vlingsdirektiv<\/span><\/a><\/p>\n","protected":false},"author":1,"featured_media":0,"parent":0,"menu_order":0,"comment_status":"closed","ping_status":"closed","template":"","meta":{"neve_meta_sidebar":"","neve_meta_container":"","neve_meta_enable_content_width":"","neve_meta_content_width":0,"neve_meta_title_alignment":"","neve_meta_author_avatar":"","neve_post_elements_order":"","neve_meta_disable_header":"","neve_meta_disable_footer":"","neve_meta_disable_title":""},"_links":{"self":[{"href":"https:\/\/anttolanurheilijat.fi\/smyo2022\/wp-json\/wp\/v2\/pages\/677"}],"collection":[{"href":"https:\/\/anttolanurheilijat.fi\/smyo2022\/wp-json\/wp\/v2\/pages"}],"about":[{"href":"https:\/\/anttolanurheilijat.fi\/smyo2022\/wp-json\/wp\/v2\/types\/page"}],"author":[{"embeddable":true,"href":"https:\/\/anttolanurheilijat.fi\/smyo2022\/wp-json\/wp\/v2\/users\/1"}],"replies":[{"embeddable":true,"href":"https:\/\/anttolanurheilijat.fi\/smyo2022\/wp-json\/wp\/v2\/comments?post=677"}],"version-history":[{"count":5,"href":"https:\/\/anttolanurheilijat.fi\/smyo2022\/wp-json\/wp\/v2\/pages\/677\/revisions"}],"predecessor-version":[{"id":711,"href":"https:\/\/anttolanurheilijat.fi\/smyo2022\/wp-json\/wp\/v2\/pages\/677\/revisions\/711"}],"wp:attachment":[{"href":"https:\/\/anttolanurheilijat.fi\/smyo2022\/wp-json\/wp\/v2\/media?parent=677"}],"curies":[{"name":"wp","href":"https:\/\/api.w.org\/{rel}","templated":true}]}}