{"id":100,"date":"2022-06-15T11:23:12","date_gmt":"2022-06-15T11:23:12","guid":{"rendered":"https:\/\/anttolanurheilijat.fi\/smyo2022\/?page_id=100"},"modified":"2022-09-17T12:04:23","modified_gmt":"2022-09-17T12:04:23","slug":"maasto","status":"publish","type":"page","link":"https:\/\/anttolanurheilijat.fi\/smyo2022\/maasto\/","title":{"rendered":"Maasto"},"content":{"rendered":"\n<h3>Sijainti<\/h3>\n\n\n\n<figure class=\"wp-block-gallery has-nested-images columns-default is-cropped\">\n<figure class=\"wp-block-image size-large is-style-default\"><img width=\"906\" height=\"815\" data-id=\"591\"  src=\"https:\/\/anttolanurheilijat.fi\/smyo2022\/wp-content\/uploads\/2022\/09\/hk_karsinta.jpg\" alt=\"\" class=\"wp-image-591\" srcset=\"https:\/\/anttolanurheilijat.fi\/smyo2022\/wp-content\/uploads\/2022\/09\/hk_karsinta.jpg 906w, https:\/\/anttolanurheilijat.fi\/smyo2022\/wp-content\/uploads\/2022\/09\/hk_karsinta-300x270.jpg 300w, https:\/\/anttolanurheilijat.fi\/smyo2022\/wp-content\/uploads\/2022\/09\/hk_karsinta-768x691.jpg 768w\" sizes=\"(max-width: 906px) 100vw, 906px\" \/><\/figure>\n\n\n\n<figure class=\"wp-block-image size-large is-style-default\"><img width=\"898\" height=\"774\" data-id=\"590\"  src=\"https:\/\/anttolanurheilijat.fi\/smyo2022\/wp-content\/uploads\/2022\/09\/hk_finaali.jpg\" alt=\"\" class=\"wp-image-590\" srcset=\"https:\/\/anttolanurheilijat.fi\/smyo2022\/wp-content\/uploads\/2022\/09\/hk_finaali.jpg 898w, https:\/\/anttolanurheilijat.fi\/smyo2022\/wp-content\/uploads\/2022\/09\/hk_finaali-300x259.jpg 300w, https:\/\/anttolanurheilijat.fi\/smyo2022\/wp-content\/uploads\/2022\/09\/hk_finaali-768x662.jpg 768w\" sizes=\"(max-width: 898px) 100vw, 898px\" \/><\/figure>\n<figcaption class=\"blocks-gallery-caption\"><strong>Alue on kilpailu- ja harjoituskiellossa vuoden 2022 y\u00f6suunnistuksen SM-kilpailuun asti. Kielto koskee kaikenlaista liikkumista ajalla 16.-24.9.2022 pois lukien kantatie 62:n tiealue.<\/strong><\/figcaption><\/figure>\n\n\n\n<div style=\"height:25px\" aria-hidden=\"true\" class=\"wp-block-spacer\"><\/div>\n\n\n\n<div class=\"wp-container-1 wp-block-buttons\">\n<div class=\"wp-block-button\"><a class=\"wp-block-button__link has-nv-site-bg-color has-neve-text-color-background-color has-text-color has-background\">KARTTAREKISTERI<\/a><\/div>\n<\/div>\n\n\n\n<div style=\"height:15px\" aria-hidden=\"true\" class=\"wp-block-spacer\"><\/div>\n\n\n\n<p class=\"has-nv-text-dark-bg-color has-text-color\">Karsintakilpailun kilpailukeskuksena toimii Pitk\u00e4lahden Er\u00e4miehet ry mets\u00e4stysmaja osoitteessa <a href=\"https:\/\/goo.gl\/maps\/hMnM83mp9P2AdjcH9\">Ahvenlammintie 177, Mikkeli<\/a>.<\/p>\n\n\n\n<p class=\"has-nv-text-dark-bg-color has-text-color\">Finaalin kilpailukeskus on Anttolan yhten\u00e4iskoululla, osoiteessa <a href=\"https:\/\/goo.gl\/maps\/aNQhNiwwGMK4LgXb9\">Sahalantie 2, Mikkeli<\/a>.<\/p>\n\n\n\n<h3>Maasto<\/h3>\n\n\n\n<p class=\"has-nv-text-dark-bg-color has-text-color\">Karsintakilpailun (H21) maasto on melko peitteist\u00e4 mets\u00e4maastoa, jota halkoo muutama kyl\u00e4-, m\u00f6kki- ja mets\u00e4tie. Kivikkoista pohjaa on varsin v\u00e4h\u00e4n, mutta rehev\u00e4 kasvillisuus hidastaa monin paikoin etenemist\u00e4. Pienempien kulku-urien m\u00e4\u00e4r\u00e4 on v\u00e4h\u00e4inen. Korkeampien m\u00e4kien lakialueilla peitteisyytt\u00e4 on v\u00e4hemm\u00e4n.<\/p>\n\n\n\n<figure class=\"wp-block-gallery has-nested-images columns-4 is-cropped\">\n<figure class=\"wp-block-image size-large\"><img width=\"580\" height=\"580\" data-id=\"408\"  src=\"https:\/\/anttolanurheilijat.fi\/smyo2022\/wp-content\/uploads\/2022\/07\/karttapala1_smyo2022.png\" alt=\"\" class=\"wp-image-408\" srcset=\"https:\/\/anttolanurheilijat.fi\/smyo2022\/wp-content\/uploads\/2022\/07\/karttapala1_smyo2022.png 580w, https:\/\/anttolanurheilijat.fi\/smyo2022\/wp-content\/uploads\/2022\/07\/karttapala1_smyo2022-300x300.png 300w, https:\/\/anttolanurheilijat.fi\/smyo2022\/wp-content\/uploads\/2022\/07\/karttapala1_smyo2022-150x150.png 150w\" sizes=\"(max-width: 580px) 100vw, 580px\" \/><\/figure>\n\n\n\n<figure class=\"wp-block-image size-large\"><img width=\"580\" height=\"580\" data-id=\"409\"  src=\"https:\/\/anttolanurheilijat.fi\/smyo2022\/wp-content\/uploads\/2022\/07\/karttapala2_smyo2022.png\" alt=\"\" class=\"wp-image-409\" srcset=\"https:\/\/anttolanurheilijat.fi\/smyo2022\/wp-content\/uploads\/2022\/07\/karttapala2_smyo2022.png 580w, https:\/\/anttolanurheilijat.fi\/smyo2022\/wp-content\/uploads\/2022\/07\/karttapala2_smyo2022-300x300.png 300w, https:\/\/anttolanurheilijat.fi\/smyo2022\/wp-content\/uploads\/2022\/07\/karttapala2_smyo2022-150x150.png 150w\" sizes=\"(max-width: 580px) 100vw, 580px\" \/><\/figure>\n\n\n\n<figure class=\"wp-block-image size-large\"><img width=\"580\" height=\"580\" data-id=\"407\"  src=\"https:\/\/anttolanurheilijat.fi\/smyo2022\/wp-content\/uploads\/2022\/07\/karttapala3_smyo2022.png\" alt=\"\" class=\"wp-image-407\" srcset=\"https:\/\/anttolanurheilijat.fi\/smyo2022\/wp-content\/uploads\/2022\/07\/karttapala3_smyo2022.png 580w, https:\/\/anttolanurheilijat.fi\/smyo2022\/wp-content\/uploads\/2022\/07\/karttapala3_smyo2022-300x300.png 300w, https:\/\/anttolanurheilijat.fi\/smyo2022\/wp-content\/uploads\/2022\/07\/karttapala3_smyo2022-150x150.png 150w\" sizes=\"(max-width: 580px) 100vw, 580px\" \/><\/figure>\n\n\n\n<figure class=\"wp-block-image size-large\"><img width=\"580\" height=\"580\" data-id=\"410\"  src=\"https:\/\/anttolanurheilijat.fi\/smyo2022\/wp-content\/uploads\/2022\/07\/karttapala4_smyo2022.png\" alt=\"\" class=\"wp-image-410\" srcset=\"https:\/\/anttolanurheilijat.fi\/smyo2022\/wp-content\/uploads\/2022\/07\/karttapala4_smyo2022.png 580w, https:\/\/anttolanurheilijat.fi\/smyo2022\/wp-content\/uploads\/2022\/07\/karttapala4_smyo2022-300x300.png 300w, https:\/\/anttolanurheilijat.fi\/smyo2022\/wp-content\/uploads\/2022\/07\/karttapala4_smyo2022-150x150.png 150w\" sizes=\"(max-width: 580px) 100vw, 580px\" \/><\/figure>\n<\/figure>\n\n\n\n<p class=\"has-nv-text-dark-bg-color has-text-color\">Loppukilpailun maasto jakautuu yhten\u00e4iseen mets\u00e4alueeseen ja rikkonaisempaan alueeseen, jolla teiden, kuntoilureittien ja muiden kulku-urien tiheys on korkea. Yhten\u00e4isell\u00e4 mets\u00e4alueella kulkukelpoisuus ja n\u00e4kyvyys ovat karsintakilpailun maaston kaltaiset.<\/p>\n\n\n\n<p class=\"has-nv-text-dark-bg-color has-text-color\">Molemmissa maastoissa on jylhi\u00e4 m\u00e4ki\u00e4, joiden korkeuserot ovat suurimmillaan n. 80-90 metri\u00e4.<\/p>\n\n\n\n<figure class=\"wp-block-gallery has-nested-images columns-default is-cropped\">\n<figure class=\"wp-block-image size-large\"><img width=\"1024\" height=\"768\" data-id=\"518\"  src=\"https:\/\/anttolanurheilijat.fi\/smyo2022\/wp-content\/uploads\/2022\/09\/Maasto1-1024x768.jpg\" alt=\"\" class=\"wp-image-518\" srcset=\"https:\/\/anttolanurheilijat.fi\/smyo2022\/wp-content\/uploads\/2022\/09\/Maasto1-1024x768.jpg 1024w, https:\/\/anttolanurheilijat.fi\/smyo2022\/wp-content\/uploads\/2022\/09\/Maasto1-300x225.jpg 300w, https:\/\/anttolanurheilijat.fi\/smyo2022\/wp-content\/uploads\/2022\/09\/Maasto1-768x576.jpg 768w, https:\/\/anttolanurheilijat.fi\/smyo2022\/wp-content\/uploads\/2022\/09\/Maasto1.jpg 1160w\" sizes=\"(max-width: 1024px) 100vw, 1024px\" \/><\/figure>\n\n\n\n<figure class=\"wp-block-image size-large\"><img width=\"576\" height=\"1024\" data-id=\"164\"  src=\"https:\/\/anttolanurheilijat.fi\/smyo2022\/wp-content\/uploads\/2022\/06\/IMG-20220615-WA0000-576x1024.jpg\" alt=\"\" class=\"wp-image-164\" srcset=\"https:\/\/anttolanurheilijat.fi\/smyo2022\/wp-content\/uploads\/2022\/06\/IMG-20220615-WA0000-576x1024.jpg 576w, https:\/\/anttolanurheilijat.fi\/smyo2022\/wp-content\/uploads\/2022\/06\/IMG-20220615-WA0000-169x300.jpg 169w, https:\/\/anttolanurheilijat.fi\/smyo2022\/wp-content\/uploads\/2022\/06\/IMG-20220615-WA0000-768x1365.jpg 768w, https:\/\/anttolanurheilijat.fi\/smyo2022\/wp-content\/uploads\/2022\/06\/IMG-20220615-WA0000-864x1536.jpg 864w, https:\/\/anttolanurheilijat.fi\/smyo2022\/wp-content\/uploads\/2022\/06\/IMG-20220615-WA0000.jpg 1152w\" sizes=\"(max-width: 576px) 100vw, 576px\" \/><\/figure>\n\n\n\n<figure class=\"wp-block-image size-large\"><img width=\"576\" height=\"1024\" data-id=\"165\"  src=\"https:\/\/anttolanurheilijat.fi\/smyo2022\/wp-content\/uploads\/2022\/06\/IMG-20220615-WA0001-576x1024.jpg\" alt=\"\" class=\"wp-image-165\" srcset=\"https:\/\/anttolanurheilijat.fi\/smyo2022\/wp-content\/uploads\/2022\/06\/IMG-20220615-WA0001-576x1024.jpg 576w, https:\/\/anttolanurheilijat.fi\/smyo2022\/wp-content\/uploads\/2022\/06\/IMG-20220615-WA0001-169x300.jpg 169w, https:\/\/anttolanurheilijat.fi\/smyo2022\/wp-content\/uploads\/2022\/06\/IMG-20220615-WA0001-768x1365.jpg 768w, https:\/\/anttolanurheilijat.fi\/smyo2022\/wp-content\/uploads\/2022\/06\/IMG-20220615-WA0001-864x1536.jpg 864w, https:\/\/anttolanurheilijat.fi\/smyo2022\/wp-content\/uploads\/2022\/06\/IMG-20220615-WA0001.jpg 1152w\" sizes=\"(max-width: 576px) 100vw, 576px\" \/><\/figure>\n\n\n\n<figure class=\"wp-block-image size-large\"><img width=\"1024\" height=\"576\" data-id=\"166\"  src=\"https:\/\/anttolanurheilijat.fi\/smyo2022\/wp-content\/uploads\/2022\/06\/IMG-20220615-WA0003-1024x576.jpg\" alt=\"\" class=\"wp-image-166\" srcset=\"https:\/\/anttolanurheilijat.fi\/smyo2022\/wp-content\/uploads\/2022\/06\/IMG-20220615-WA0003-1024x576.jpg 1024w, https:\/\/anttolanurheilijat.fi\/smyo2022\/wp-content\/uploads\/2022\/06\/IMG-20220615-WA0003-300x169.jpg 300w, https:\/\/anttolanurheilijat.fi\/smyo2022\/wp-content\/uploads\/2022\/06\/IMG-20220615-WA0003-768x432.jpg 768w, https:\/\/anttolanurheilijat.fi\/smyo2022\/wp-content\/uploads\/2022\/06\/IMG-20220615-WA0003-1536x864.jpg 1536w, https:\/\/anttolanurheilijat.fi\/smyo2022\/wp-content\/uploads\/2022\/06\/IMG-20220615-WA0003.jpg 2048w\" sizes=\"(max-width: 1024px) 100vw, 1024px\" \/><\/figure>\n\n\n\n<figure class=\"wp-block-image size-large\"><img width=\"660\" height=\"878\" data-id=\"514\"  src=\"https:\/\/anttolanurheilijat.fi\/smyo2022\/wp-content\/uploads\/2022\/09\/Maasto2.jpg\" alt=\"\" class=\"wp-image-514\" srcset=\"https:\/\/anttolanurheilijat.fi\/smyo2022\/wp-content\/uploads\/2022\/09\/Maasto2.jpg 660w, https:\/\/anttolanurheilijat.fi\/smyo2022\/wp-content\/uploads\/2022\/09\/Maasto2-226x300.jpg 226w\" sizes=\"(max-width: 660px) 100vw, 660px\" \/><\/figure>\n\n\n\n<figure class=\"wp-block-image size-large\"><img width=\"654\" height=\"877\" data-id=\"516\"  src=\"https:\/\/anttolanurheilijat.fi\/smyo2022\/wp-content\/uploads\/2022\/09\/Maasto3.jpg\" alt=\"\" class=\"wp-image-516\" srcset=\"https:\/\/anttolanurheilijat.fi\/smyo2022\/wp-content\/uploads\/2022\/09\/Maasto3.jpg 654w, https:\/\/anttolanurheilijat.fi\/smyo2022\/wp-content\/uploads\/2022\/09\/Maasto3-224x300.jpg 224w\" sizes=\"(max-width: 654px) 100vw, 654px\" \/><\/figure>\n\n\n\n<figure class=\"wp-block-image size-large\"><img width=\"661\" height=\"874\" data-id=\"515\"  src=\"https:\/\/anttolanurheilijat.fi\/smyo2022\/wp-content\/uploads\/2022\/09\/Maasto4.jpg\" alt=\"\" class=\"wp-image-515\" srcset=\"https:\/\/anttolanurheilijat.fi\/smyo2022\/wp-content\/uploads\/2022\/09\/Maasto4.jpg 661w, https:\/\/anttolanurheilijat.fi\/smyo2022\/wp-content\/uploads\/2022\/09\/Maasto4-227x300.jpg 227w\" sizes=\"(max-width: 661px) 100vw, 661px\" \/><\/figure>\n\n\n\n<figure class=\"wp-block-image size-large\"><img width=\"1024\" height=\"915\" data-id=\"517\"  src=\"https:\/\/anttolanurheilijat.fi\/smyo2022\/wp-content\/uploads\/2022\/09\/Maasto5-1024x915.jpg\" alt=\"\" class=\"wp-image-517\" srcset=\"https:\/\/anttolanurheilijat.fi\/smyo2022\/wp-content\/uploads\/2022\/09\/Maasto5-1024x915.jpg 1024w, https:\/\/anttolanurheilijat.fi\/smyo2022\/wp-content\/uploads\/2022\/09\/Maasto5-300x268.jpg 300w, https:\/\/anttolanurheilijat.fi\/smyo2022\/wp-content\/uploads\/2022\/09\/Maasto5-768x687.jpg 768w, https:\/\/anttolanurheilijat.fi\/smyo2022\/wp-content\/uploads\/2022\/09\/Maasto5.jpg 1047w\" sizes=\"(max-width: 1024px) 100vw, 1024px\" \/><\/figure>\n<\/figure>\n\n\n\n<div style=\"height:25px\" aria-hidden=\"true\" class=\"wp-block-spacer\"><\/div>\n\n\n\n<h3>Vanhoja karttoja alueelta<\/h3>\n\n\n\n<div class=\"wp-block-file\"><a id=\"wp-block-file--media-2c2bca49-c240-481c-9774-611368b340ab\" href=\"https:\/\/anttolanurheilijat.fi\/smyo2022\/wp-content\/uploads\/2022\/09\/Anttola-kk_1995-1.jpg\">Anttola-kk_1995-1<\/a><a href=\"https:\/\/anttolanurheilijat.fi\/smyo2022\/wp-content\/uploads\/2022\/09\/Anttola-kk_1995-1.jpg\" class=\"wp-block-file__button\" download aria-describedby=\"wp-block-file--media-2c2bca49-c240-481c-9774-611368b340ab\">Lataa<\/a><\/div>\n\n\n\n<div class=\"wp-block-file\"><a id=\"wp-block-file--media-c620ffe7-c99c-4144-b89a-c2d675abb3ac\" href=\"https:\/\/anttolanurheilijat.fi\/smyo2022\/wp-content\/uploads\/2022\/09\/Hallavuori_050517.jpg\">Hallavuori_050517<\/a><a href=\"https:\/\/anttolanurheilijat.fi\/smyo2022\/wp-content\/uploads\/2022\/09\/Hallavuori_050517.jpg\" class=\"wp-block-file__button\" download aria-describedby=\"wp-block-file--media-c620ffe7-c99c-4144-b89a-c2d675abb3ac\">Lataa<\/a><\/div>\n\n\n\n<div class=\"wp-block-file\"><a id=\"wp-block-file--media-ab6c43a5-81a5-4978-92cc-8f2c34e8c807\" href=\"https:\/\/anttolanurheilijat.fi\/smyo2022\/wp-content\/uploads\/2022\/09\/Koivula.jpg\">Koivula<\/a><a href=\"https:\/\/anttolanurheilijat.fi\/smyo2022\/wp-content\/uploads\/2022\/09\/Koivula.jpg\" class=\"wp-block-file__button\" download aria-describedby=\"wp-block-file--media-ab6c43a5-81a5-4978-92cc-8f2c34e8c807\">Lataa<\/a><\/div>\n\n\n\n<div class=\"wp-block-file\"><a id=\"wp-block-file--media-cff5e504-b892-4dbf-8ea2-7c052a3a0bb4\" href=\"https:\/\/anttolanurheilijat.fi\/smyo2022\/wp-content\/uploads\/2022\/09\/Makramaki_2001.jpg\">Makramaki_2001<\/a><a href=\"https:\/\/anttolanurheilijat.fi\/smyo2022\/wp-content\/uploads\/2022\/09\/Makramaki_2001.jpg\" class=\"wp-block-file__button\" download aria-describedby=\"wp-block-file--media-cff5e504-b892-4dbf-8ea2-7c052a3a0bb4\">Lataa<\/a><\/div>\n\n\n\n<div class=\"wp-block-file\"><a id=\"wp-block-file--media-d37aa086-d679-4965-8ff9-48d914dfecc0\" href=\"https:\/\/anttolanurheilijat.fi\/smyo2022\/wp-content\/uploads\/2022\/09\/Piilokorpi_1999_pohj_osa.jpg\">Piilokorpi_1999_pohj_osa<\/a><a href=\"https:\/\/anttolanurheilijat.fi\/smyo2022\/wp-content\/uploads\/2022\/09\/Piilokorpi_1999_pohj_osa.jpg\" class=\"wp-block-file__button\" download aria-describedby=\"wp-block-file--media-d37aa086-d679-4965-8ff9-48d914dfecc0\">Lataa<\/a><\/div>\n\n\n\n<div class=\"wp-block-file\"><a id=\"wp-block-file--media-721515e1-ddab-400e-b3c4-81b8b5a06227\" href=\"https:\/\/anttolanurheilijat.fi\/smyo2022\/wp-content\/uploads\/2022\/09\/Tarkinmaki.jpg\">Tarkinmaki<\/a><a href=\"https:\/\/anttolanurheilijat.fi\/smyo2022\/wp-content\/uploads\/2022\/09\/Tarkinmaki.jpg\" class=\"wp-block-file__button\" download aria-describedby=\"wp-block-file--media-721515e1-ddab-400e-b3c4-81b8b5a06227\">Lataa<\/a><\/div>\n","protected":false},"excerpt":{"rendered":"<p>Sijainti Karsintakilpailun kilpailukeskuksena toimii Pitk\u00e4lahden Er\u00e4miehet ry mets\u00e4stysmaja osoitteessa Ahvenlammintie 177, Mikkeli. Finaalin kilpailukeskus on Anttolan yhten\u00e4iskoululla, osoiteessa Sahalantie 2, Mikkeli. Maasto Karsintakilpailun (H21) maasto on melko peitteist\u00e4 mets\u00e4maastoa, jota halkoo muutama kyl\u00e4-, m\u00f6kki- ja mets\u00e4tie. Kivikkoista pohjaa on varsin v\u00e4h\u00e4n, mutta rehev\u00e4 kasvillisuus hidastaa monin paikoin etenemist\u00e4. Pienempien kulku-urien m\u00e4\u00e4r\u00e4 on v\u00e4h\u00e4inen. Korkeampien m\u00e4kien&hellip;&nbsp;<a href=\"https:\/\/anttolanurheilijat.fi\/smyo2022\/maasto\/\" class=\"\" rel=\"bookmark\">Lue lis\u00e4\u00e4 &raquo;<span class=\"screen-reader-text\">Maasto<\/span><\/a><\/p>\n","protected":false},"author":1,"featured_media":0,"parent":0,"menu_order":0,"comment_status":"closed","ping_status":"closed","template":"","meta":{"neve_meta_sidebar":"","neve_meta_container":"","neve_meta_enable_content_width":"","neve_meta_content_width":0,"neve_meta_title_alignment":"","neve_meta_author_avatar":"","neve_post_elements_order":"","neve_meta_disable_header":"","neve_meta_disable_footer":"","neve_meta_disable_title":""},"_links":{"self":[{"href":"https:\/\/anttolanurheilijat.fi\/smyo2022\/wp-json\/wp\/v2\/pages\/100"}],"collection":[{"href":"https:\/\/anttolanurheilijat.fi\/smyo2022\/wp-json\/wp\/v2\/pages"}],"about":[{"href":"https:\/\/anttolanurheilijat.fi\/smyo2022\/wp-json\/wp\/v2\/types\/page"}],"author":[{"embeddable":true,"href":"https:\/\/anttolanurheilijat.fi\/smyo2022\/wp-json\/wp\/v2\/users\/1"}],"replies":[{"embeddable":true,"href":"https:\/\/anttolanurheilijat.fi\/smyo2022\/wp-json\/wp\/v2\/comments?post=100"}],"version-history":[{"count":18,"href":"https:\/\/anttolanurheilijat.fi\/smyo2022\/wp-json\/wp\/v2\/pages\/100\/revisions"}],"predecessor-version":[{"id":750,"href":"https:\/\/anttolanurheilijat.fi\/smyo2022\/wp-json\/wp\/v2\/pages\/100\/revisions\/750"}],"wp:attachment":[{"href":"https:\/\/anttolanurheilijat.fi\/smyo2022\/wp-json\/wp\/v2\/media?parent=100"}],"curies":[{"name":"wp","href":"https:\/\/api.w.org\/{rel}","templated":true}]}}